{"id":1017,"date":"2023-11-08T16:23:40","date_gmt":"2023-11-08T14:23:40","guid":{"rendered":"https:\/\/antenagroup.ro\/?page_id=1017"},"modified":"2024-10-22T15:10:25","modified_gmt":"2024-10-22T12:10:25","slug":"csr-ro","status":"publish","type":"page","link":"https:\/\/antenagroup.ro\/ro\/csr-ro","title":{"rendered":"CSR"},"content":{"rendered":"\n<p><strong>Ajut Eu!<\/strong><br>Dup\u0103 cinci ani \u00een care cercul binelui s-a extins rapid, ajuteu.ro devine unul dintre cele mai importante proiecte Antena prin care deschidem u\u0219a ONGurilor care vor \u0219i pot s\u0103 transforme comunit\u0103\u021bile. <\/p>\n\n\n\n<p>Astfel, pove\u0219tile, visurile, proiectele ori campaniile umanitare vor ajunge la c\u00e2t mai mul\u021bi sus\u021bin\u0103tori.<\/p>\n\n\n\n<p><strong>Funda\u021bia Mereu Aproape<\/strong><br>Din 2005, Funda\u021bia Mereu Aproape \u00eenseamn\u0103, pentru \u00eentreaga Rom\u00e2niei \u0219i pentru rom\u00e2nii din Diaspora, funda\u021bia care ajut\u0103 \u00een fiecare zi \u0219i ONGul cu cea mai rapid\u0103 mobilizare \u00een caz de dezastre.<\/p>\n","protected":false},"excerpt":{"rendered":"<p>Ajut Eu!Dup\u0103 cinci ani \u00een care cercul binelui s-a extins rapid, ajuteu.ro devine unul dintre cele mai importante proiecte Antena prin care deschidem u\u0219a ONGurilor care vor \u0219i pot s\u0103 transforme comunit\u0103\u021bile. Astfel, pove\u0219tile, visurile, proiectele ori campaniile umanitare vor ajunge la c\u00e2t mai mul\u021bi sus\u021bin\u0103tori. Funda\u021bia Mereu AproapeDin 2005, Funda\u021bia Mereu Aproape \u00eenseamn\u0103, pentru [&hellip;]<\/p>\n","protected":false},"author":1,"featured_media":0,"parent":0,"menu_order":50,"comment_status":"closed","ping_status":"closed","template":"page-csr.php","meta":{"_acf_changed":false,"footnotes":""},"class_list":["post-1017","page","type-page","status-publish","hentry"],"acf":[],"yoast_head":"<!-- This site is optimized with the Yoast SEO Premium plugin v27.2 (Yoast SEO v27.2) - https:\/\/yoast.com\/product\/yoast-seo-premium-wordpress\/ -->\n<title>CSR - Antena Group - Leading Media &amp; Entertainment in Romania | Antena TV Group<\/title>\n<meta name=\"robots\" content=\"index, follow, max-snippet:-1, max-image-preview:large, max-video-preview:-1\" \/>\n<link rel=\"canonical\" href=\"https:\/\/antenagroup.ro\/ro\/csr-ro\" \/>\n<meta property=\"og:locale\" content=\"ro_RO\" \/>\n<meta property=\"og:type\" content=\"article\" \/>\n<meta property=\"og:title\" content=\"CSR\" \/>\n<meta property=\"og:description\" content=\"Ajut Eu!Dup\u0103 cinci ani \u00een care cercul binelui s-a extins rapid, ajuteu.ro devine unul dintre cele mai importante proiecte Antena prin care deschidem u\u0219a ONGurilor care vor \u0219i pot s\u0103 transforme comunit\u0103\u021bile. Astfel, pove\u0219tile, visurile, proiectele ori campaniile umanitare vor ajunge la c\u00e2t mai mul\u021bi sus\u021bin\u0103tori. Funda\u021bia Mereu AproapeDin 2005, Funda\u021bia Mereu Aproape \u00eenseamn\u0103, pentru [&hellip;]\" \/>\n<meta property=\"og:url\" content=\"https:\/\/antenagroup.ro\/ro\/csr-ro\" \/>\n<meta property=\"og:site_name\" content=\"Antena Group - Leading Media &amp; Entertainment in Romania | Antena TV Group\" \/>\n<meta property=\"article:modified_time\" content=\"2024-10-22T12:10:25+00:00\" \/>\n<meta name=\"twitter:card\" content=\"summary_large_image\" \/>\n<meta name=\"twitter:label1\" content=\"Timp estimat pentru citire\" \/>\n\t<meta name=\"twitter:data1\" content=\"1 minut\" \/>\n<script type=\"application\/ld+json\" class=\"yoast-schema-graph\">{\"@context\":\"https:\/\/schema.org\",\"@graph\":[{\"@type\":\"WebPage\",\"@id\":\"https:\/\/antenagroup.ro\/ro\/csr-ro\",\"url\":\"https:\/\/antenagroup.ro\/ro\/csr-ro\",\"name\":\"CSR - Antena Group - Leading Media &amp; Entertainment in Romania | Antena TV Group\",\"isPartOf\":{\"@id\":\"https:\/\/antenagroup.ro\/ro#website\"},\"datePublished\":\"2023-11-08T14:23:40+00:00\",\"dateModified\":\"2024-10-22T12:10:25+00:00\",\"breadcrumb\":{\"@id\":\"https:\/\/antenagroup.ro\/ro\/csr-ro#breadcrumb\"},\"inLanguage\":\"ro-RO\",\"potentialAction\":[{\"@type\":\"ReadAction\",\"target\":[\"https:\/\/antenagroup.ro\/ro\/csr-ro\"]}]},{\"@type\":\"BreadcrumbList\",\"@id\":\"https:\/\/antenagroup.ro\/ro\/csr-ro#breadcrumb\",\"itemListElement\":[{\"@type\":\"ListItem\",\"position\":1,\"name\":\"Prima pagin\u0103\",\"item\":\"https:\/\/antenagroup.ro\/ro\"},{\"@type\":\"ListItem\",\"position\":2,\"name\":\"CSR\"}]},{\"@type\":\"WebSite\",\"@id\":\"https:\/\/antenagroup.ro\/ro#website\",\"url\":\"https:\/\/antenagroup.ro\/ro\",\"name\":\"Antena Group - Leading Media & Entertainment in Romania | Antena TV Group\",\"description\":\"\",\"publisher\":{\"@id\":\"https:\/\/antenagroup.ro\/ro#organization\"},\"alternateName\":\"Antena Group\",\"potentialAction\":[{\"@type\":\"SearchAction\",\"target\":{\"@type\":\"EntryPoint\",\"urlTemplate\":\"https:\/\/antenagroup.ro\/ro?s={search_term_string}\"},\"query-input\":{\"@type\":\"PropertyValueSpecification\",\"valueRequired\":true,\"valueName\":\"search_term_string\"}}],\"inLanguage\":\"ro-RO\"},{\"@type\":\"Organization\",\"@id\":\"https:\/\/antenagroup.ro\/ro#organization\",\"name\":\"Antena TV Group\",\"url\":\"https:\/\/antenagroup.ro\/ro\",\"logo\":{\"@type\":\"ImageObject\",\"inLanguage\":\"ro-RO\",\"@id\":\"https:\/\/antenagroup.ro\/ro#\/schema\/logo\/image\/\",\"url\":\"https:\/\/antenagroup.ro\/wp-content\/uploads\/2024\/10\/logo-antenagroup-fb.png\",\"contentUrl\":\"https:\/\/antenagroup.ro\/wp-content\/uploads\/2024\/10\/logo-antenagroup-fb.png\",\"width\":253,\"height\":200,\"caption\":\"Antena TV Group\"},\"image\":{\"@id\":\"https:\/\/antenagroup.ro\/ro#\/schema\/logo\/image\/\"},\"sameAs\":[\"https:\/\/ro.linkedin.com\/company\/antenagroup\"]}]}<\/script>\n<!-- \/ Yoast SEO Premium plugin. -->","yoast_head_json":{"title":"CSR - Antena Group - Leading Media &amp; Entertainment in Romania | Antena TV Group","robots":{"index":"index","follow":"follow","max-snippet":"max-snippet:-1","max-image-preview":"max-image-preview:large","max-video-preview":"max-video-preview:-1"},"canonical":"https:\/\/antenagroup.ro\/ro\/csr-ro","og_locale":"ro_RO","og_type":"article","og_title":"CSR","og_description":"Ajut Eu!Dup\u0103 cinci ani \u00een care cercul binelui s-a extins rapid, ajuteu.ro devine unul dintre cele mai importante proiecte Antena prin care deschidem u\u0219a ONGurilor care vor \u0219i pot s\u0103 transforme comunit\u0103\u021bile. Astfel, pove\u0219tile, visurile, proiectele ori campaniile umanitare vor ajunge la c\u00e2t mai mul\u021bi sus\u021bin\u0103tori. Funda\u021bia Mereu AproapeDin 2005, Funda\u021bia Mereu Aproape \u00eenseamn\u0103, pentru [&hellip;]","og_url":"https:\/\/antenagroup.ro\/ro\/csr-ro","og_site_name":"Antena Group - Leading Media &amp; Entertainment in Romania | Antena TV Group","article_modified_time":"2024-10-22T12:10:25+00:00","twitter_card":"summary_large_image","twitter_misc":{"Timp estimat pentru citire":"1 minut"},"schema":{"@context":"https:\/\/schema.org","@graph":[{"@type":"WebPage","@id":"https:\/\/antenagroup.ro\/ro\/csr-ro","url":"https:\/\/antenagroup.ro\/ro\/csr-ro","name":"CSR - Antena Group - Leading Media &amp; Entertainment in Romania | Antena TV Group","isPartOf":{"@id":"https:\/\/antenagroup.ro\/ro#website"},"datePublished":"2023-11-08T14:23:40+00:00","dateModified":"2024-10-22T12:10:25+00:00","breadcrumb":{"@id":"https:\/\/antenagroup.ro\/ro\/csr-ro#breadcrumb"},"inLanguage":"ro-RO","potentialAction":[{"@type":"ReadAction","target":["https:\/\/antenagroup.ro\/ro\/csr-ro"]}]},{"@type":"BreadcrumbList","@id":"https:\/\/antenagroup.ro\/ro\/csr-ro#breadcrumb","itemListElement":[{"@type":"ListItem","position":1,"name":"Prima pagin\u0103","item":"https:\/\/antenagroup.ro\/ro"},{"@type":"ListItem","position":2,"name":"CSR"}]},{"@type":"WebSite","@id":"https:\/\/antenagroup.ro\/ro#website","url":"https:\/\/antenagroup.ro\/ro","name":"Antena Group - Leading Media & Entertainment in Romania | Antena TV Group","description":"","publisher":{"@id":"https:\/\/antenagroup.ro\/ro#organization"},"alternateName":"Antena Group","potentialAction":[{"@type":"SearchAction","target":{"@type":"EntryPoint","urlTemplate":"https:\/\/antenagroup.ro\/ro?s={search_term_string}"},"query-input":{"@type":"PropertyValueSpecification","valueRequired":true,"valueName":"search_term_string"}}],"inLanguage":"ro-RO"},{"@type":"Organization","@id":"https:\/\/antenagroup.ro\/ro#organization","name":"Antena TV Group","url":"https:\/\/antenagroup.ro\/ro","logo":{"@type":"ImageObject","inLanguage":"ro-RO","@id":"https:\/\/antenagroup.ro\/ro#\/schema\/logo\/image\/","url":"https:\/\/antenagroup.ro\/wp-content\/uploads\/2024\/10\/logo-antenagroup-fb.png","contentUrl":"https:\/\/antenagroup.ro\/wp-content\/uploads\/2024\/10\/logo-antenagroup-fb.png","width":253,"height":200,"caption":"Antena TV Group"},"image":{"@id":"https:\/\/antenagroup.ro\/ro#\/schema\/logo\/image\/"},"sameAs":["https:\/\/ro.linkedin.com\/company\/antenagroup"]}]}},"_links":{"self":[{"href":"https:\/\/antenagroup.ro\/ro\/wp-json\/wp\/v2\/pages\/1017","targetHints":{"allow":["GET"]}}],"collection":[{"href":"https:\/\/antenagroup.ro\/ro\/wp-json\/wp\/v2\/pages"}],"about":[{"href":"https:\/\/antenagroup.ro\/ro\/wp-json\/wp\/v2\/types\/page"}],"author":[{"embeddable":true,"href":"https:\/\/antenagroup.ro\/ro\/wp-json\/wp\/v2\/users\/1"}],"replies":[{"embeddable":true,"href":"https:\/\/antenagroup.ro\/ro\/wp-json\/wp\/v2\/comments?post=1017"}],"version-history":[{"count":0,"href":"https:\/\/antenagroup.ro\/ro\/wp-json\/wp\/v2\/pages\/1017\/revisions"}],"wp:attachment":[{"href":"https:\/\/antenagroup.ro\/ro\/wp-json\/wp\/v2\/media?parent=1017"}],"curies":[{"name":"wp","href":"https:\/\/api.w.org\/{rel}","templated":true}]}}