{"id":1068,"date":"2023-11-08T16:05:07","date_gmt":"2023-11-08T14:05:07","guid":{"rendered":"https:\/\/antenagroup.ro\/?page_id=1068"},"modified":"2024-10-22T14:37:34","modified_gmt":"2024-10-22T11:37:34","slug":"mereu-aproape","status":"publish","type":"page","link":"https:\/\/antenagroup.ro\/ro\/csr-ro\/mereu-aproape","title":{"rendered":"Mereu aproape"},"content":{"rendered":"<div class=\"wp-block-image csr-img\">\n<figure class=\"aligncenter size-full\"><img loading=\"lazy\" decoding=\"async\" width=\"646\" height=\"378\" src=\"https:\/\/antenagroup.ro\/wp-content\/uploads\/2023\/09\/mereu-aproape-logo.png\" alt=\"\" class=\"wp-image-620\" srcset=\"https:\/\/antenagroup.ro\/wp-content\/uploads\/2023\/09\/mereu-aproape-logo.png 646w, https:\/\/antenagroup.ro\/wp-content\/uploads\/2023\/09\/mereu-aproape-logo-300x176.png 300w\" sizes=\"auto, (max-width: 646px) 100vw, 646px\" \/><\/figure>\n<\/div>\n\n\n<p>Din 2005, Funda\u021bia Mereu Aproape \u00eenseamn\u0103, pentru \u00eentreaga Rom\u00e2niei \u0219i pentru rom\u00e2nii din Diaspora, funda\u021bia care ajut\u0103 \u00een fiecare zi \u0219i ONGul cu cea mai rapid\u0103 mobilizare \u00een caz de dezastre.<\/p>\n\n\n\n<p><\/p>\n","protected":false},"excerpt":{"rendered":"<p>Din 2005, Funda\u021bia Mereu Aproape \u00eenseamn\u0103, pentru \u00eentreaga Rom\u00e2niei \u0219i pentru rom\u00e2nii din Diaspora, funda\u021bia care ajut\u0103 \u00een fiecare zi \u0219i ONGul cu cea mai rapid\u0103 mobilizare \u00een caz de dezastre.<\/p>\n","protected":false},"author":2,"featured_media":0,"parent":1017,"menu_order":0,"comment_status":"closed","ping_status":"closed","template":"page-mereuaproape.php","meta":{"_acf_changed":false,"footnotes":""},"class_list":["post-1068","page","type-page","status-publish","hentry"],"acf":[],"yoast_head":"<!-- This site is optimized with the Yoast SEO Premium plugin v27.2 (Yoast SEO v27.2) - https:\/\/yoast.com\/product\/yoast-seo-premium-wordpress\/ -->\n<title>Mereu aproape - Antena Group - Leading Media &amp; Entertainment in Romania | Antena TV Group<\/title>\n<meta name=\"robots\" content=\"index, follow, max-snippet:-1, max-image-preview:large, max-video-preview:-1\" \/>\n<link rel=\"canonical\" href=\"https:\/\/antenagroup.ro\/ro\/csr-ro\/mereu-aproape\" \/>\n<meta property=\"og:locale\" content=\"ro_RO\" \/>\n<meta property=\"og:type\" content=\"article\" \/>\n<meta property=\"og:title\" content=\"Mereu aproape\" \/>\n<meta property=\"og:description\" content=\"Din 2005, Funda\u021bia Mereu Aproape \u00eenseamn\u0103, pentru \u00eentreaga Rom\u00e2niei \u0219i pentru rom\u00e2nii din Diaspora, funda\u021bia care ajut\u0103 \u00een fiecare zi \u0219i ONGul cu cea mai rapid\u0103 mobilizare \u00een caz de dezastre.\" \/>\n<meta property=\"og:url\" content=\"https:\/\/antenagroup.ro\/ro\/csr-ro\/mereu-aproape\" \/>\n<meta property=\"og:site_name\" content=\"Antena Group - Leading Media &amp; Entertainment in Romania | Antena TV Group\" \/>\n<meta property=\"article:modified_time\" content=\"2024-10-22T11:37:34+00:00\" \/>\n<meta property=\"og:image\" content=\"https:\/\/antenagroup.ro\/wp-content\/uploads\/2023\/09\/mereu-aproape-logo.png\" \/>\n\t<meta property=\"og:image:width\" content=\"646\" \/>\n\t<meta property=\"og:image:height\" content=\"378\" \/>\n\t<meta property=\"og:image:type\" content=\"image\/png\" \/>\n<meta name=\"twitter:card\" content=\"summary_large_image\" \/>\n<meta name=\"twitter:label1\" content=\"Timp estimat pentru citire\" \/>\n\t<meta name=\"twitter:data1\" content=\"1 minut\" \/>\n<script type=\"application\/ld+json\" class=\"yoast-schema-graph\">{\"@context\":\"https:\/\/schema.org\",\"@graph\":[{\"@type\":\"WebPage\",\"@id\":\"https:\/\/antenagroup.ro\/ro\/csr-ro\/mereu-aproape\",\"url\":\"https:\/\/antenagroup.ro\/ro\/csr-ro\/mereu-aproape\",\"name\":\"Mereu aproape - Antena Group - Leading Media &amp; Entertainment in Romania | Antena TV Group\",\"isPartOf\":{\"@id\":\"https:\/\/antenagroup.ro\/ro#website\"},\"primaryImageOfPage\":{\"@id\":\"https:\/\/antenagroup.ro\/ro\/csr-ro\/mereu-aproape#primaryimage\"},\"image\":{\"@id\":\"https:\/\/antenagroup.ro\/ro\/csr-ro\/mereu-aproape#primaryimage\"},\"thumbnailUrl\":\"https:\/\/antenagroup.ro\/wp-content\/uploads\/2023\/09\/mereu-aproape-logo.png\",\"datePublished\":\"2023-11-08T14:05:07+00:00\",\"dateModified\":\"2024-10-22T11:37:34+00:00\",\"breadcrumb\":{\"@id\":\"https:\/\/antenagroup.ro\/ro\/csr-ro\/mereu-aproape#breadcrumb\"},\"inLanguage\":\"ro-RO\",\"potentialAction\":[{\"@type\":\"ReadAction\",\"target\":[\"https:\/\/antenagroup.ro\/ro\/csr-ro\/mereu-aproape\"]}]},{\"@type\":\"ImageObject\",\"inLanguage\":\"ro-RO\",\"@id\":\"https:\/\/antenagroup.ro\/ro\/csr-ro\/mereu-aproape#primaryimage\",\"url\":\"https:\/\/antenagroup.ro\/wp-content\/uploads\/2023\/09\/mereu-aproape-logo.png\",\"contentUrl\":\"https:\/\/antenagroup.ro\/wp-content\/uploads\/2023\/09\/mereu-aproape-logo.png\"},{\"@type\":\"BreadcrumbList\",\"@id\":\"https:\/\/antenagroup.ro\/ro\/csr-ro\/mereu-aproape#breadcrumb\",\"itemListElement\":[{\"@type\":\"ListItem\",\"position\":1,\"name\":\"Prima pagin\u0103\",\"item\":\"https:\/\/antenagroup.ro\/ro\"},{\"@type\":\"ListItem\",\"position\":2,\"name\":\"CSR\",\"item\":\"https:\/\/antenagroup.ro\/ro\/csr-ro\"},{\"@type\":\"ListItem\",\"position\":3,\"name\":\"Mereu aproape\"}]},{\"@type\":\"WebSite\",\"@id\":\"https:\/\/antenagroup.ro\/ro#website\",\"url\":\"https:\/\/antenagroup.ro\/ro\",\"name\":\"Antena Group - Leading Media & Entertainment in Romania | Antena TV Group\",\"description\":\"\",\"publisher\":{\"@id\":\"https:\/\/antenagroup.ro\/ro#organization\"},\"alternateName\":\"Antena Group\",\"potentialAction\":[{\"@type\":\"SearchAction\",\"target\":{\"@type\":\"EntryPoint\",\"urlTemplate\":\"https:\/\/antenagroup.ro\/ro?s={search_term_string}\"},\"query-input\":{\"@type\":\"PropertyValueSpecification\",\"valueRequired\":true,\"valueName\":\"search_term_string\"}}],\"inLanguage\":\"ro-RO\"},{\"@type\":\"Organization\",\"@id\":\"https:\/\/antenagroup.ro\/ro#organization\",\"name\":\"Antena TV Group\",\"url\":\"https:\/\/antenagroup.ro\/ro\",\"logo\":{\"@type\":\"ImageObject\",\"inLanguage\":\"ro-RO\",\"@id\":\"https:\/\/antenagroup.ro\/ro#\/schema\/logo\/image\/\",\"url\":\"https:\/\/antenagroup.ro\/wp-content\/uploads\/2024\/10\/logo-antenagroup-fb.png\",\"contentUrl\":\"https:\/\/antenagroup.ro\/wp-content\/uploads\/2024\/10\/logo-antenagroup-fb.png\",\"width\":253,\"height\":200,\"caption\":\"Antena TV Group\"},\"image\":{\"@id\":\"https:\/\/antenagroup.ro\/ro#\/schema\/logo\/image\/\"},\"sameAs\":[\"https:\/\/ro.linkedin.com\/company\/antenagroup\"]}]}<\/script>\n<!-- \/ Yoast SEO Premium plugin. -->","yoast_head_json":{"title":"Mereu aproape - Antena Group - Leading Media &amp; Entertainment in Romania | Antena TV Group","robots":{"index":"index","follow":"follow","max-snippet":"max-snippet:-1","max-image-preview":"max-image-preview:large","max-video-preview":"max-video-preview:-1"},"canonical":"https:\/\/antenagroup.ro\/ro\/csr-ro\/mereu-aproape","og_locale":"ro_RO","og_type":"article","og_title":"Mereu aproape","og_description":"Din 2005, Funda\u021bia Mereu Aproape \u00eenseamn\u0103, pentru \u00eentreaga Rom\u00e2niei \u0219i pentru rom\u00e2nii din Diaspora, funda\u021bia care ajut\u0103 \u00een fiecare zi \u0219i ONGul cu cea mai rapid\u0103 mobilizare \u00een caz de dezastre.","og_url":"https:\/\/antenagroup.ro\/ro\/csr-ro\/mereu-aproape","og_site_name":"Antena Group - Leading Media &amp; Entertainment in Romania | Antena TV Group","article_modified_time":"2024-10-22T11:37:34+00:00","og_image":[{"width":646,"height":378,"url":"https:\/\/antenagroup.ro\/wp-content\/uploads\/2023\/09\/mereu-aproape-logo.png","type":"image\/png"}],"twitter_card":"summary_large_image","twitter_misc":{"Timp estimat pentru citire":"1 minut"},"schema":{"@context":"https:\/\/schema.org","@graph":[{"@type":"WebPage","@id":"https:\/\/antenagroup.ro\/ro\/csr-ro\/mereu-aproape","url":"https:\/\/antenagroup.ro\/ro\/csr-ro\/mereu-aproape","name":"Mereu aproape - Antena Group - Leading Media &amp; Entertainment in Romania | Antena TV Group","isPartOf":{"@id":"https:\/\/antenagroup.ro\/ro#website"},"primaryImageOfPage":{"@id":"https:\/\/antenagroup.ro\/ro\/csr-ro\/mereu-aproape#primaryimage"},"image":{"@id":"https:\/\/antenagroup.ro\/ro\/csr-ro\/mereu-aproape#primaryimage"},"thumbnailUrl":"https:\/\/antenagroup.ro\/wp-content\/uploads\/2023\/09\/mereu-aproape-logo.png","datePublished":"2023-11-08T14:05:07+00:00","dateModified":"2024-10-22T11:37:34+00:00","breadcrumb":{"@id":"https:\/\/antenagroup.ro\/ro\/csr-ro\/mereu-aproape#breadcrumb"},"inLanguage":"ro-RO","potentialAction":[{"@type":"ReadAction","target":["https:\/\/antenagroup.ro\/ro\/csr-ro\/mereu-aproape"]}]},{"@type":"ImageObject","inLanguage":"ro-RO","@id":"https:\/\/antenagroup.ro\/ro\/csr-ro\/mereu-aproape#primaryimage","url":"https:\/\/antenagroup.ro\/wp-content\/uploads\/2023\/09\/mereu-aproape-logo.png","contentUrl":"https:\/\/antenagroup.ro\/wp-content\/uploads\/2023\/09\/mereu-aproape-logo.png"},{"@type":"BreadcrumbList","@id":"https:\/\/antenagroup.ro\/ro\/csr-ro\/mereu-aproape#breadcrumb","itemListElement":[{"@type":"ListItem","position":1,"name":"Prima pagin\u0103","item":"https:\/\/antenagroup.ro\/ro"},{"@type":"ListItem","position":2,"name":"CSR","item":"https:\/\/antenagroup.ro\/ro\/csr-ro"},{"@type":"ListItem","position":3,"name":"Mereu aproape"}]},{"@type":"WebSite","@id":"https:\/\/antenagroup.ro\/ro#website","url":"https:\/\/antenagroup.ro\/ro","name":"Antena Group - Leading Media & Entertainment in Romania | Antena TV Group","description":"","publisher":{"@id":"https:\/\/antenagroup.ro\/ro#organization"},"alternateName":"Antena Group","potentialAction":[{"@type":"SearchAction","target":{"@type":"EntryPoint","urlTemplate":"https:\/\/antenagroup.ro\/ro?s={search_term_string}"},"query-input":{"@type":"PropertyValueSpecification","valueRequired":true,"valueName":"search_term_string"}}],"inLanguage":"ro-RO"},{"@type":"Organization","@id":"https:\/\/antenagroup.ro\/ro#organization","name":"Antena TV Group","url":"https:\/\/antenagroup.ro\/ro","logo":{"@type":"ImageObject","inLanguage":"ro-RO","@id":"https:\/\/antenagroup.ro\/ro#\/schema\/logo\/image\/","url":"https:\/\/antenagroup.ro\/wp-content\/uploads\/2024\/10\/logo-antenagroup-fb.png","contentUrl":"https:\/\/antenagroup.ro\/wp-content\/uploads\/2024\/10\/logo-antenagroup-fb.png","width":253,"height":200,"caption":"Antena TV Group"},"image":{"@id":"https:\/\/antenagroup.ro\/ro#\/schema\/logo\/image\/"},"sameAs":["https:\/\/ro.linkedin.com\/company\/antenagroup"]}]}},"_links":{"self":[{"href":"https:\/\/antenagroup.ro\/ro\/wp-json\/wp\/v2\/pages\/1068","targetHints":{"allow":["GET"]}}],"collection":[{"href":"https:\/\/antenagroup.ro\/ro\/wp-json\/wp\/v2\/pages"}],"about":[{"href":"https:\/\/antenagroup.ro\/ro\/wp-json\/wp\/v2\/types\/page"}],"author":[{"embeddable":true,"href":"https:\/\/antenagroup.ro\/ro\/wp-json\/wp\/v2\/users\/2"}],"replies":[{"embeddable":true,"href":"https:\/\/antenagroup.ro\/ro\/wp-json\/wp\/v2\/comments?post=1068"}],"version-history":[{"count":0,"href":"https:\/\/antenagroup.ro\/ro\/wp-json\/wp\/v2\/pages\/1068\/revisions"}],"up":[{"embeddable":true,"href":"https:\/\/antenagroup.ro\/ro\/wp-json\/wp\/v2\/pages\/1017"}],"wp:attachment":[{"href":"https:\/\/antenagroup.ro\/ro\/wp-json\/wp\/v2\/media?parent=1068"}],"curies":[{"name":"wp","href":"https:\/\/api.w.org\/{rel}","templated":true}]}}