{"id":1215,"date":"2024-11-07T12:59:22","date_gmt":"2024-11-07T10:59:22","guid":{"rendered":"https:\/\/antenagroup.ro\/?page_id=1215"},"modified":"2025-01-22T09:08:03","modified_gmt":"2025-01-22T07:08:03","slug":"bravo-tata","status":"publish","type":"page","link":"https:\/\/antenagroup.ro\/ro\/brands-ro\/bravo-tata","title":{"rendered":"Bravo, tata!"},"content":{"rendered":"\n<p>Deviza lor: \u0102\u0219tia suntem, at\u00e2ta putem! Patru ta\u021bi \u00eenva\u021b\u0103 c\u0103 nu exist\u0103 tat\u0103l, so\u021bul sau iubitul perfect. Cu un umor spumos, cei patru t\u0103tici trec prin tot felul de aventuri, chiar \u00een vie\u021bile lor aparent banale din fiecare zi. Dac\u0103 vor reu\u0219i s\u0103 devin\u0103 b\u0103rba\u021bi \u0219i ce mai \u00eenseamn\u0103 asta, afl\u0103m \u00eempreun\u0103 \u00een acest serial de comedie.<\/p>\n","protected":false},"excerpt":{"rendered":"<p>Deviza lor: \u0102\u0219tia suntem, at\u00e2ta putem! Patru ta\u021bi \u00eenva\u021b\u0103 c\u0103 nu exist\u0103 tat\u0103l, so\u021bul sau iubitul perfect. Cu un umor spumos, cei patru t\u0103tici trec prin tot felul de aventuri, chiar \u00een vie\u021bile lor aparent banale din fiecare zi. Dac\u0103 vor reu\u0219i s\u0103 devin\u0103 b\u0103rba\u021bi \u0219i ce mai \u00eenseamn\u0103 asta, afl\u0103m \u00eempreun\u0103 \u00een acest serial [&hellip;]<\/p>\n","protected":false},"author":1,"featured_media":1166,"parent":834,"menu_order":0,"comment_status":"closed","ping_status":"closed","template":"page-brand.php","meta":{"_acf_changed":false,"footnotes":""},"class_list":["post-1215","page","type-page","status-publish","has-post-thumbnail","hentry"],"acf":[],"yoast_head":"<!-- This site is optimized with the Yoast SEO Premium plugin v27.2 (Yoast SEO v27.2) - https:\/\/yoast.com\/product\/yoast-seo-premium-wordpress\/ -->\n<title>Bravo, tata! - Antena Group - Leading Media &amp; Entertainment in Romania | Antena TV Group<\/title>\n<meta name=\"robots\" content=\"index, follow, max-snippet:-1, max-image-preview:large, max-video-preview:-1\" \/>\n<link rel=\"canonical\" href=\"https:\/\/antenagroup.ro\/ro\/brands-ro\/bravo-tata\" \/>\n<meta property=\"og:locale\" content=\"ro_RO\" \/>\n<meta property=\"og:type\" content=\"article\" \/>\n<meta property=\"og:title\" content=\"Bravo, tata!\" \/>\n<meta property=\"og:description\" content=\"Deviza lor: \u0102\u0219tia suntem, at\u00e2ta putem! Patru ta\u021bi \u00eenva\u021b\u0103 c\u0103 nu exist\u0103 tat\u0103l, so\u021bul sau iubitul perfect. Cu un umor spumos, cei patru t\u0103tici trec prin tot felul de aventuri, chiar \u00een vie\u021bile lor aparent banale din fiecare zi. Dac\u0103 vor reu\u0219i s\u0103 devin\u0103 b\u0103rba\u021bi \u0219i ce mai \u00eenseamn\u0103 asta, afl\u0103m \u00eempreun\u0103 \u00een acest serial [&hellip;]\" \/>\n<meta property=\"og:url\" content=\"https:\/\/antenagroup.ro\/ro\/brands-ro\/bravo-tata\" \/>\n<meta property=\"og:site_name\" content=\"Antena Group - Leading Media &amp; Entertainment in Romania | Antena TV Group\" \/>\n<meta property=\"article:modified_time\" content=\"2025-01-22T07:08:03+00:00\" \/>\n<meta property=\"og:image\" content=\"https:\/\/antenagroup.ro\/wp-content\/uploads\/2024\/11\/bravo-tata.webp\" \/>\n\t<meta property=\"og:image:width\" content=\"1469\" \/>\n\t<meta property=\"og:image:height\" content=\"325\" \/>\n\t<meta property=\"og:image:type\" content=\"image\/webp\" \/>\n<meta name=\"twitter:card\" content=\"summary_large_image\" \/>\n<meta name=\"twitter:label1\" content=\"Timp estimat pentru citire\" \/>\n\t<meta name=\"twitter:data1\" content=\"1 minut\" \/>\n<script type=\"application\/ld+json\" class=\"yoast-schema-graph\">{\"@context\":\"https:\/\/schema.org\",\"@graph\":[{\"@type\":\"WebPage\",\"@id\":\"https:\/\/antenagroup.ro\/ro\/brands-ro\/bravo-tata\",\"url\":\"https:\/\/antenagroup.ro\/ro\/brands-ro\/bravo-tata\",\"name\":\"Bravo, tata! - Antena Group - Leading Media &amp; Entertainment in Romania | Antena TV Group\",\"isPartOf\":{\"@id\":\"https:\/\/antenagroup.ro\/ro#website\"},\"primaryImageOfPage\":{\"@id\":\"https:\/\/antenagroup.ro\/ro\/brands-ro\/bravo-tata#primaryimage\"},\"image\":{\"@id\":\"https:\/\/antenagroup.ro\/ro\/brands-ro\/bravo-tata#primaryimage\"},\"thumbnailUrl\":\"https:\/\/antenagroup.ro\/wp-content\/uploads\/2024\/11\/bravo-tata.webp\",\"datePublished\":\"2024-11-07T10:59:22+00:00\",\"dateModified\":\"2025-01-22T07:08:03+00:00\",\"breadcrumb\":{\"@id\":\"https:\/\/antenagroup.ro\/ro\/brands-ro\/bravo-tata#breadcrumb\"},\"inLanguage\":\"ro-RO\",\"potentialAction\":[{\"@type\":\"ReadAction\",\"target\":[\"https:\/\/antenagroup.ro\/ro\/brands-ro\/bravo-tata\"]}]},{\"@type\":\"ImageObject\",\"inLanguage\":\"ro-RO\",\"@id\":\"https:\/\/antenagroup.ro\/ro\/brands-ro\/bravo-tata#primaryimage\",\"url\":\"https:\/\/antenagroup.ro\/wp-content\/uploads\/2024\/11\/bravo-tata.webp\",\"contentUrl\":\"https:\/\/antenagroup.ro\/wp-content\/uploads\/2024\/11\/bravo-tata.webp\",\"width\":1469,\"height\":325,\"caption\":\"Bravo, tata!\"},{\"@type\":\"BreadcrumbList\",\"@id\":\"https:\/\/antenagroup.ro\/ro\/brands-ro\/bravo-tata#breadcrumb\",\"itemListElement\":[{\"@type\":\"ListItem\",\"position\":1,\"name\":\"Prima pagin\u0103\",\"item\":\"https:\/\/antenagroup.ro\/ro\"},{\"@type\":\"ListItem\",\"position\":2,\"name\":\"Brands\",\"item\":\"https:\/\/antenagroup.ro\/ro\/brands-ro\"},{\"@type\":\"ListItem\",\"position\":3,\"name\":\"Bravo, tata!\"}]},{\"@type\":\"WebSite\",\"@id\":\"https:\/\/antenagroup.ro\/ro#website\",\"url\":\"https:\/\/antenagroup.ro\/ro\",\"name\":\"Antena Group - Leading Media & Entertainment in Romania | Antena TV Group\",\"description\":\"\",\"publisher\":{\"@id\":\"https:\/\/antenagroup.ro\/ro#organization\"},\"alternateName\":\"Antena Group\",\"potentialAction\":[{\"@type\":\"SearchAction\",\"target\":{\"@type\":\"EntryPoint\",\"urlTemplate\":\"https:\/\/antenagroup.ro\/ro?s={search_term_string}\"},\"query-input\":{\"@type\":\"PropertyValueSpecification\",\"valueRequired\":true,\"valueName\":\"search_term_string\"}}],\"inLanguage\":\"ro-RO\"},{\"@type\":\"Organization\",\"@id\":\"https:\/\/antenagroup.ro\/ro#organization\",\"name\":\"Antena TV Group\",\"url\":\"https:\/\/antenagroup.ro\/ro\",\"logo\":{\"@type\":\"ImageObject\",\"inLanguage\":\"ro-RO\",\"@id\":\"https:\/\/antenagroup.ro\/ro#\/schema\/logo\/image\/\",\"url\":\"https:\/\/antenagroup.ro\/wp-content\/uploads\/2024\/10\/logo-antenagroup-fb.png\",\"contentUrl\":\"https:\/\/antenagroup.ro\/wp-content\/uploads\/2024\/10\/logo-antenagroup-fb.png\",\"width\":253,\"height\":200,\"caption\":\"Antena TV Group\"},\"image\":{\"@id\":\"https:\/\/antenagroup.ro\/ro#\/schema\/logo\/image\/\"},\"sameAs\":[\"https:\/\/ro.linkedin.com\/company\/antenagroup\"]}]}<\/script>\n<!-- \/ Yoast SEO Premium plugin. -->","yoast_head_json":{"title":"Bravo, tata! - Antena Group - Leading Media &amp; Entertainment in Romania | Antena TV Group","robots":{"index":"index","follow":"follow","max-snippet":"max-snippet:-1","max-image-preview":"max-image-preview:large","max-video-preview":"max-video-preview:-1"},"canonical":"https:\/\/antenagroup.ro\/ro\/brands-ro\/bravo-tata","og_locale":"ro_RO","og_type":"article","og_title":"Bravo, tata!","og_description":"Deviza lor: \u0102\u0219tia suntem, at\u00e2ta putem! Patru ta\u021bi \u00eenva\u021b\u0103 c\u0103 nu exist\u0103 tat\u0103l, so\u021bul sau iubitul perfect. Cu un umor spumos, cei patru t\u0103tici trec prin tot felul de aventuri, chiar \u00een vie\u021bile lor aparent banale din fiecare zi. Dac\u0103 vor reu\u0219i s\u0103 devin\u0103 b\u0103rba\u021bi \u0219i ce mai \u00eenseamn\u0103 asta, afl\u0103m \u00eempreun\u0103 \u00een acest serial [&hellip;]","og_url":"https:\/\/antenagroup.ro\/ro\/brands-ro\/bravo-tata","og_site_name":"Antena Group - Leading Media &amp; Entertainment in Romania | Antena TV Group","article_modified_time":"2025-01-22T07:08:03+00:00","og_image":[{"width":1469,"height":325,"url":"https:\/\/antenagroup.ro\/wp-content\/uploads\/2024\/11\/bravo-tata.webp","type":"image\/webp"}],"twitter_card":"summary_large_image","twitter_misc":{"Timp estimat pentru citire":"1 minut"},"schema":{"@context":"https:\/\/schema.org","@graph":[{"@type":"WebPage","@id":"https:\/\/antenagroup.ro\/ro\/brands-ro\/bravo-tata","url":"https:\/\/antenagroup.ro\/ro\/brands-ro\/bravo-tata","name":"Bravo, tata! - Antena Group - Leading Media &amp; Entertainment in Romania | Antena TV Group","isPartOf":{"@id":"https:\/\/antenagroup.ro\/ro#website"},"primaryImageOfPage":{"@id":"https:\/\/antenagroup.ro\/ro\/brands-ro\/bravo-tata#primaryimage"},"image":{"@id":"https:\/\/antenagroup.ro\/ro\/brands-ro\/bravo-tata#primaryimage"},"thumbnailUrl":"https:\/\/antenagroup.ro\/wp-content\/uploads\/2024\/11\/bravo-tata.webp","datePublished":"2024-11-07T10:59:22+00:00","dateModified":"2025-01-22T07:08:03+00:00","breadcrumb":{"@id":"https:\/\/antenagroup.ro\/ro\/brands-ro\/bravo-tata#breadcrumb"},"inLanguage":"ro-RO","potentialAction":[{"@type":"ReadAction","target":["https:\/\/antenagroup.ro\/ro\/brands-ro\/bravo-tata"]}]},{"@type":"ImageObject","inLanguage":"ro-RO","@id":"https:\/\/antenagroup.ro\/ro\/brands-ro\/bravo-tata#primaryimage","url":"https:\/\/antenagroup.ro\/wp-content\/uploads\/2024\/11\/bravo-tata.webp","contentUrl":"https:\/\/antenagroup.ro\/wp-content\/uploads\/2024\/11\/bravo-tata.webp","width":1469,"height":325,"caption":"Bravo, tata!"},{"@type":"BreadcrumbList","@id":"https:\/\/antenagroup.ro\/ro\/brands-ro\/bravo-tata#breadcrumb","itemListElement":[{"@type":"ListItem","position":1,"name":"Prima pagin\u0103","item":"https:\/\/antenagroup.ro\/ro"},{"@type":"ListItem","position":2,"name":"Brands","item":"https:\/\/antenagroup.ro\/ro\/brands-ro"},{"@type":"ListItem","position":3,"name":"Bravo, tata!"}]},{"@type":"WebSite","@id":"https:\/\/antenagroup.ro\/ro#website","url":"https:\/\/antenagroup.ro\/ro","name":"Antena Group - Leading Media & Entertainment in Romania | Antena TV Group","description":"","publisher":{"@id":"https:\/\/antenagroup.ro\/ro#organization"},"alternateName":"Antena Group","potentialAction":[{"@type":"SearchAction","target":{"@type":"EntryPoint","urlTemplate":"https:\/\/antenagroup.ro\/ro?s={search_term_string}"},"query-input":{"@type":"PropertyValueSpecification","valueRequired":true,"valueName":"search_term_string"}}],"inLanguage":"ro-RO"},{"@type":"Organization","@id":"https:\/\/antenagroup.ro\/ro#organization","name":"Antena TV Group","url":"https:\/\/antenagroup.ro\/ro","logo":{"@type":"ImageObject","inLanguage":"ro-RO","@id":"https:\/\/antenagroup.ro\/ro#\/schema\/logo\/image\/","url":"https:\/\/antenagroup.ro\/wp-content\/uploads\/2024\/10\/logo-antenagroup-fb.png","contentUrl":"https:\/\/antenagroup.ro\/wp-content\/uploads\/2024\/10\/logo-antenagroup-fb.png","width":253,"height":200,"caption":"Antena TV Group"},"image":{"@id":"https:\/\/antenagroup.ro\/ro#\/schema\/logo\/image\/"},"sameAs":["https:\/\/ro.linkedin.com\/company\/antenagroup"]}]}},"_links":{"self":[{"href":"https:\/\/antenagroup.ro\/ro\/wp-json\/wp\/v2\/pages\/1215","targetHints":{"allow":["GET"]}}],"collection":[{"href":"https:\/\/antenagroup.ro\/ro\/wp-json\/wp\/v2\/pages"}],"about":[{"href":"https:\/\/antenagroup.ro\/ro\/wp-json\/wp\/v2\/types\/page"}],"author":[{"embeddable":true,"href":"https:\/\/antenagroup.ro\/ro\/wp-json\/wp\/v2\/users\/1"}],"replies":[{"embeddable":true,"href":"https:\/\/antenagroup.ro\/ro\/wp-json\/wp\/v2\/comments?post=1215"}],"version-history":[{"count":1,"href":"https:\/\/antenagroup.ro\/ro\/wp-json\/wp\/v2\/pages\/1215\/revisions"}],"predecessor-version":[{"id":1320,"href":"https:\/\/antenagroup.ro\/ro\/wp-json\/wp\/v2\/pages\/1215\/revisions\/1320"}],"up":[{"embeddable":true,"href":"https:\/\/antenagroup.ro\/ro\/wp-json\/wp\/v2\/pages\/834"}],"wp:featuredmedia":[{"embeddable":true,"href":"https:\/\/antenagroup.ro\/ro\/wp-json\/wp\/v2\/media\/1166"}],"wp:attachment":[{"href":"https:\/\/antenagroup.ro\/ro\/wp-json\/wp\/v2\/media?parent=1215"}],"curies":[{"name":"wp","href":"https:\/\/api.w.org\/{rel}","templated":true}]}}