{"id":1219,"date":"2024-11-07T12:40:01","date_gmt":"2024-11-07T10:40:01","guid":{"rendered":"https:\/\/antenagroup.ro\/?page_id=1219"},"modified":"2025-01-22T09:05:09","modified_gmt":"2025-01-22T07:05:09","slug":"iubire-cu-parfum-de-lavanda","status":"publish","type":"page","link":"https:\/\/antenagroup.ro\/ro\/brands-ro\/iubire-cu-parfum-de-lavanda","title":{"rendered":"Iubire cu parfum de lavand\u0103"},"content":{"rendered":"\n<p>Serialul original este semnat de Ruxandra Ion \u015fi produs de Dream Film Production, aduce \u00een prim plan o poveste original\u0103 de iubire, \u00een care doi oameni maturi, captivi \u00een lumi complet diferite, au \u015fansa unui nou \u00eenceput \u00eempreun\u0103, dincolo de toate greut\u0103\u0163ile din vie\u0163ile lor.<\/p>\n","protected":false},"excerpt":{"rendered":"<p>Serialul original este semnat de Ruxandra Ion \u015fi produs de Dream Film Production, aduce \u00een prim plan o poveste original\u0103 de iubire, \u00een care doi oameni maturi, captivi \u00een lumi complet diferite, au \u015fansa unui nou \u00eenceput \u00eempreun\u0103, dincolo de toate greut\u0103\u0163ile din vie\u0163ile lor.<\/p>\n","protected":false},"author":1,"featured_media":1218,"parent":834,"menu_order":0,"comment_status":"closed","ping_status":"closed","template":"page-brand.php","meta":{"_acf_changed":false,"footnotes":""},"class_list":["post-1219","page","type-page","status-publish","has-post-thumbnail","hentry"],"acf":[],"yoast_head":"<!-- This site is optimized with the Yoast SEO Premium plugin v27.2 (Yoast SEO v27.2) - https:\/\/yoast.com\/product\/yoast-seo-premium-wordpress\/ -->\n<title>Iubire cu parfum de lavand\u0103 - Antena Group - Leading Media &amp; Entertainment in Romania | Antena TV Group<\/title>\n<meta name=\"robots\" content=\"index, follow, max-snippet:-1, max-image-preview:large, max-video-preview:-1\" \/>\n<link rel=\"canonical\" href=\"https:\/\/antenagroup.ro\/ro\/brands-ro\/iubire-cu-parfum-de-lavanda\" \/>\n<meta property=\"og:locale\" content=\"ro_RO\" \/>\n<meta property=\"og:type\" content=\"article\" \/>\n<meta property=\"og:title\" content=\"Iubire cu parfum de lavand\u0103\" \/>\n<meta property=\"og:description\" content=\"Serialul original este semnat de Ruxandra Ion \u015fi produs de Dream Film Production, aduce \u00een prim plan o poveste original\u0103 de iubire, \u00een care doi oameni maturi, captivi \u00een lumi complet diferite, au \u015fansa unui nou \u00eenceput \u00eempreun\u0103, dincolo de toate greut\u0103\u0163ile din vie\u0163ile lor.\" \/>\n<meta property=\"og:url\" content=\"https:\/\/antenagroup.ro\/ro\/brands-ro\/iubire-cu-parfum-de-lavanda\" \/>\n<meta property=\"og:site_name\" content=\"Antena Group - Leading Media &amp; Entertainment in Romania | Antena TV Group\" \/>\n<meta property=\"article:modified_time\" content=\"2025-01-22T07:05:09+00:00\" \/>\n<meta property=\"og:image\" content=\"https:\/\/antenagroup.ro\/wp-content\/uploads\/2024\/11\/logo-iubire-cu-parfum-de-lavanda-mic.png\" \/>\n\t<meta property=\"og:image:width\" content=\"400\" \/>\n\t<meta property=\"og:image:height\" content=\"250\" \/>\n\t<meta property=\"og:image:type\" content=\"image\/png\" \/>\n<meta name=\"twitter:card\" content=\"summary_large_image\" \/>\n<meta name=\"twitter:label1\" content=\"Timp estimat pentru citire\" \/>\n\t<meta name=\"twitter:data1\" content=\"1 minut\" \/>\n<script type=\"application\/ld+json\" class=\"yoast-schema-graph\">{\"@context\":\"https:\/\/schema.org\",\"@graph\":[{\"@type\":\"WebPage\",\"@id\":\"https:\/\/antenagroup.ro\/ro\/brands-ro\/iubire-cu-parfum-de-lavanda\",\"url\":\"https:\/\/antenagroup.ro\/ro\/brands-ro\/iubire-cu-parfum-de-lavanda\",\"name\":\"Iubire cu parfum de lavand\u0103 - Antena Group - Leading Media &amp; Entertainment in Romania | Antena TV Group\",\"isPartOf\":{\"@id\":\"https:\/\/antenagroup.ro\/ro#website\"},\"primaryImageOfPage\":{\"@id\":\"https:\/\/antenagroup.ro\/ro\/brands-ro\/iubire-cu-parfum-de-lavanda#primaryimage\"},\"image\":{\"@id\":\"https:\/\/antenagroup.ro\/ro\/brands-ro\/iubire-cu-parfum-de-lavanda#primaryimage\"},\"thumbnailUrl\":\"https:\/\/antenagroup.ro\/wp-content\/uploads\/2024\/11\/logo-iubire-cu-parfum-de-lavanda-mic.png\",\"datePublished\":\"2024-11-07T10:40:01+00:00\",\"dateModified\":\"2025-01-22T07:05:09+00:00\",\"breadcrumb\":{\"@id\":\"https:\/\/antenagroup.ro\/ro\/brands-ro\/iubire-cu-parfum-de-lavanda#breadcrumb\"},\"inLanguage\":\"ro-RO\",\"potentialAction\":[{\"@type\":\"ReadAction\",\"target\":[\"https:\/\/antenagroup.ro\/ro\/brands-ro\/iubire-cu-parfum-de-lavanda\"]}]},{\"@type\":\"ImageObject\",\"inLanguage\":\"ro-RO\",\"@id\":\"https:\/\/antenagroup.ro\/ro\/brands-ro\/iubire-cu-parfum-de-lavanda#primaryimage\",\"url\":\"https:\/\/antenagroup.ro\/wp-content\/uploads\/2024\/11\/logo-iubire-cu-parfum-de-lavanda-mic.png\",\"contentUrl\":\"https:\/\/antenagroup.ro\/wp-content\/uploads\/2024\/11\/logo-iubire-cu-parfum-de-lavanda-mic.png\",\"width\":400,\"height\":250,\"caption\":\"Iubire cu parfum de lavand\u0103\"},{\"@type\":\"BreadcrumbList\",\"@id\":\"https:\/\/antenagroup.ro\/ro\/brands-ro\/iubire-cu-parfum-de-lavanda#breadcrumb\",\"itemListElement\":[{\"@type\":\"ListItem\",\"position\":1,\"name\":\"Prima pagin\u0103\",\"item\":\"https:\/\/antenagroup.ro\/ro\"},{\"@type\":\"ListItem\",\"position\":2,\"name\":\"Brands\",\"item\":\"https:\/\/antenagroup.ro\/ro\/brands-ro\"},{\"@type\":\"ListItem\",\"position\":3,\"name\":\"Iubire cu parfum de lavand\u0103\"}]},{\"@type\":\"WebSite\",\"@id\":\"https:\/\/antenagroup.ro\/ro#website\",\"url\":\"https:\/\/antenagroup.ro\/ro\",\"name\":\"Antena Group - Leading Media & Entertainment in Romania | Antena TV Group\",\"description\":\"\",\"publisher\":{\"@id\":\"https:\/\/antenagroup.ro\/ro#organization\"},\"alternateName\":\"Antena Group\",\"potentialAction\":[{\"@type\":\"SearchAction\",\"target\":{\"@type\":\"EntryPoint\",\"urlTemplate\":\"https:\/\/antenagroup.ro\/ro?s={search_term_string}\"},\"query-input\":{\"@type\":\"PropertyValueSpecification\",\"valueRequired\":true,\"valueName\":\"search_term_string\"}}],\"inLanguage\":\"ro-RO\"},{\"@type\":\"Organization\",\"@id\":\"https:\/\/antenagroup.ro\/ro#organization\",\"name\":\"Antena TV Group\",\"url\":\"https:\/\/antenagroup.ro\/ro\",\"logo\":{\"@type\":\"ImageObject\",\"inLanguage\":\"ro-RO\",\"@id\":\"https:\/\/antenagroup.ro\/ro#\/schema\/logo\/image\/\",\"url\":\"https:\/\/antenagroup.ro\/wp-content\/uploads\/2024\/10\/logo-antenagroup-fb.png\",\"contentUrl\":\"https:\/\/antenagroup.ro\/wp-content\/uploads\/2024\/10\/logo-antenagroup-fb.png\",\"width\":253,\"height\":200,\"caption\":\"Antena TV Group\"},\"image\":{\"@id\":\"https:\/\/antenagroup.ro\/ro#\/schema\/logo\/image\/\"},\"sameAs\":[\"https:\/\/ro.linkedin.com\/company\/antenagroup\"]}]}<\/script>\n<!-- \/ Yoast SEO Premium plugin. -->","yoast_head_json":{"title":"Iubire cu parfum de lavand\u0103 - Antena Group - Leading Media &amp; Entertainment in Romania | Antena TV Group","robots":{"index":"index","follow":"follow","max-snippet":"max-snippet:-1","max-image-preview":"max-image-preview:large","max-video-preview":"max-video-preview:-1"},"canonical":"https:\/\/antenagroup.ro\/ro\/brands-ro\/iubire-cu-parfum-de-lavanda","og_locale":"ro_RO","og_type":"article","og_title":"Iubire cu parfum de lavand\u0103","og_description":"Serialul original este semnat de Ruxandra Ion \u015fi produs de Dream Film Production, aduce \u00een prim plan o poveste original\u0103 de iubire, \u00een care doi oameni maturi, captivi \u00een lumi complet diferite, au \u015fansa unui nou \u00eenceput \u00eempreun\u0103, dincolo de toate greut\u0103\u0163ile din vie\u0163ile lor.","og_url":"https:\/\/antenagroup.ro\/ro\/brands-ro\/iubire-cu-parfum-de-lavanda","og_site_name":"Antena Group - Leading Media &amp; Entertainment in Romania | Antena TV Group","article_modified_time":"2025-01-22T07:05:09+00:00","og_image":[{"width":400,"height":250,"url":"https:\/\/antenagroup.ro\/wp-content\/uploads\/2024\/11\/logo-iubire-cu-parfum-de-lavanda-mic.png","type":"image\/png"}],"twitter_card":"summary_large_image","twitter_misc":{"Timp estimat pentru citire":"1 minut"},"schema":{"@context":"https:\/\/schema.org","@graph":[{"@type":"WebPage","@id":"https:\/\/antenagroup.ro\/ro\/brands-ro\/iubire-cu-parfum-de-lavanda","url":"https:\/\/antenagroup.ro\/ro\/brands-ro\/iubire-cu-parfum-de-lavanda","name":"Iubire cu parfum de lavand\u0103 - Antena Group - Leading Media &amp; Entertainment in Romania | Antena TV Group","isPartOf":{"@id":"https:\/\/antenagroup.ro\/ro#website"},"primaryImageOfPage":{"@id":"https:\/\/antenagroup.ro\/ro\/brands-ro\/iubire-cu-parfum-de-lavanda#primaryimage"},"image":{"@id":"https:\/\/antenagroup.ro\/ro\/brands-ro\/iubire-cu-parfum-de-lavanda#primaryimage"},"thumbnailUrl":"https:\/\/antenagroup.ro\/wp-content\/uploads\/2024\/11\/logo-iubire-cu-parfum-de-lavanda-mic.png","datePublished":"2024-11-07T10:40:01+00:00","dateModified":"2025-01-22T07:05:09+00:00","breadcrumb":{"@id":"https:\/\/antenagroup.ro\/ro\/brands-ro\/iubire-cu-parfum-de-lavanda#breadcrumb"},"inLanguage":"ro-RO","potentialAction":[{"@type":"ReadAction","target":["https:\/\/antenagroup.ro\/ro\/brands-ro\/iubire-cu-parfum-de-lavanda"]}]},{"@type":"ImageObject","inLanguage":"ro-RO","@id":"https:\/\/antenagroup.ro\/ro\/brands-ro\/iubire-cu-parfum-de-lavanda#primaryimage","url":"https:\/\/antenagroup.ro\/wp-content\/uploads\/2024\/11\/logo-iubire-cu-parfum-de-lavanda-mic.png","contentUrl":"https:\/\/antenagroup.ro\/wp-content\/uploads\/2024\/11\/logo-iubire-cu-parfum-de-lavanda-mic.png","width":400,"height":250,"caption":"Iubire cu parfum de lavand\u0103"},{"@type":"BreadcrumbList","@id":"https:\/\/antenagroup.ro\/ro\/brands-ro\/iubire-cu-parfum-de-lavanda#breadcrumb","itemListElement":[{"@type":"ListItem","position":1,"name":"Prima pagin\u0103","item":"https:\/\/antenagroup.ro\/ro"},{"@type":"ListItem","position":2,"name":"Brands","item":"https:\/\/antenagroup.ro\/ro\/brands-ro"},{"@type":"ListItem","position":3,"name":"Iubire cu parfum de lavand\u0103"}]},{"@type":"WebSite","@id":"https:\/\/antenagroup.ro\/ro#website","url":"https:\/\/antenagroup.ro\/ro","name":"Antena Group - Leading Media & Entertainment in Romania | Antena TV Group","description":"","publisher":{"@id":"https:\/\/antenagroup.ro\/ro#organization"},"alternateName":"Antena Group","potentialAction":[{"@type":"SearchAction","target":{"@type":"EntryPoint","urlTemplate":"https:\/\/antenagroup.ro\/ro?s={search_term_string}"},"query-input":{"@type":"PropertyValueSpecification","valueRequired":true,"valueName":"search_term_string"}}],"inLanguage":"ro-RO"},{"@type":"Organization","@id":"https:\/\/antenagroup.ro\/ro#organization","name":"Antena TV Group","url":"https:\/\/antenagroup.ro\/ro","logo":{"@type":"ImageObject","inLanguage":"ro-RO","@id":"https:\/\/antenagroup.ro\/ro#\/schema\/logo\/image\/","url":"https:\/\/antenagroup.ro\/wp-content\/uploads\/2024\/10\/logo-antenagroup-fb.png","contentUrl":"https:\/\/antenagroup.ro\/wp-content\/uploads\/2024\/10\/logo-antenagroup-fb.png","width":253,"height":200,"caption":"Antena TV Group"},"image":{"@id":"https:\/\/antenagroup.ro\/ro#\/schema\/logo\/image\/"},"sameAs":["https:\/\/ro.linkedin.com\/company\/antenagroup"]}]}},"_links":{"self":[{"href":"https:\/\/antenagroup.ro\/ro\/wp-json\/wp\/v2\/pages\/1219","targetHints":{"allow":["GET"]}}],"collection":[{"href":"https:\/\/antenagroup.ro\/ro\/wp-json\/wp\/v2\/pages"}],"about":[{"href":"https:\/\/antenagroup.ro\/ro\/wp-json\/wp\/v2\/types\/page"}],"author":[{"embeddable":true,"href":"https:\/\/antenagroup.ro\/ro\/wp-json\/wp\/v2\/users\/1"}],"replies":[{"embeddable":true,"href":"https:\/\/antenagroup.ro\/ro\/wp-json\/wp\/v2\/comments?post=1219"}],"version-history":[{"count":3,"href":"https:\/\/antenagroup.ro\/ro\/wp-json\/wp\/v2\/pages\/1219\/revisions"}],"predecessor-version":[{"id":1317,"href":"https:\/\/antenagroup.ro\/ro\/wp-json\/wp\/v2\/pages\/1219\/revisions\/1317"}],"up":[{"embeddable":true,"href":"https:\/\/antenagroup.ro\/ro\/wp-json\/wp\/v2\/pages\/834"}],"wp:featuredmedia":[{"embeddable":true,"href":"https:\/\/antenagroup.ro\/ro\/wp-json\/wp\/v2\/media\/1218"}],"wp:attachment":[{"href":"https:\/\/antenagroup.ro\/ro\/wp-json\/wp\/v2\/media?parent=1219"}],"curies":[{"name":"wp","href":"https:\/\/api.w.org\/{rel}","templated":true}]}}