{"id":1233,"date":"2024-11-07T12:49:20","date_gmt":"2024-11-07T10:49:20","guid":{"rendered":"https:\/\/antenagroup.ro\/?page_id=1233"},"modified":"2025-01-22T09:09:50","modified_gmt":"2025-01-22T07:09:50","slug":"power-couple","status":"publish","type":"page","link":"https:\/\/antenagroup.ro\/ro\/brands-ro\/power-couple","title":{"rendered":"Power Couple"},"content":{"rendered":"\n<p>Nou\u0103 cupluri de celebrit\u0103\u021bi trec prin experien\u021ba vie\u021bii lor la Power Couple. Probe spectaculoase preg\u0103tite at\u00e2t pentru fete, c\u00e2t \u0219i pentru b\u0103ie\u021bi. Proba de cuplu care s\u0103 fac\u0103 diferen\u021ba li o eliminare \u00een fiecare s\u0103pt\u0103m\u00e2n\u0103. C\u00e2t vor investi fiecare dintre ei \u00een partener, c\u00e2t\u0103 \u00eencredere \u0219i c\u00e2t\u0103 sus\u021binere e necesar\u0103 ca s\u0103 fii Power Couple, afli doar aici.<\/p>\n","protected":false},"excerpt":{"rendered":"<p>Nou\u0103 cupluri de celebrit\u0103\u021bi trec prin experien\u021ba vie\u021bii lor la Power Couple. Probe spectaculoase preg\u0103tite at\u00e2t pentru fete, c\u00e2t \u0219i pentru b\u0103ie\u021bi. Proba de cuplu care s\u0103 fac\u0103 diferen\u021ba li o eliminare \u00een fiecare s\u0103pt\u0103m\u00e2n\u0103. C\u00e2t vor investi fiecare dintre ei \u00een partener, c\u00e2t\u0103 \u00eencredere \u0219i c\u00e2t\u0103 sus\u021binere e necesar\u0103 ca s\u0103 fii Power Couple, [&hellip;]<\/p>\n","protected":false},"author":1,"featured_media":1212,"parent":834,"menu_order":0,"comment_status":"closed","ping_status":"closed","template":"page-brand.php","meta":{"_acf_changed":false,"footnotes":""},"class_list":["post-1233","page","type-page","status-publish","has-post-thumbnail","hentry"],"acf":[],"yoast_head":"<!-- This site is optimized with the Yoast SEO Premium plugin v27.2 (Yoast SEO v27.2) - https:\/\/yoast.com\/product\/yoast-seo-premium-wordpress\/ -->\n<title>Power Couple - Antena Group - Leading Media &amp; Entertainment in Romania | Antena TV Group<\/title>\n<meta name=\"robots\" content=\"index, follow, max-snippet:-1, max-image-preview:large, max-video-preview:-1\" \/>\n<link rel=\"canonical\" href=\"https:\/\/antenagroup.ro\/ro\/brands-ro\/power-couple\" \/>\n<meta property=\"og:locale\" content=\"ro_RO\" \/>\n<meta property=\"og:type\" content=\"article\" \/>\n<meta property=\"og:title\" content=\"Power Couple\" \/>\n<meta property=\"og:description\" content=\"Nou\u0103 cupluri de celebrit\u0103\u021bi trec prin experien\u021ba vie\u021bii lor la Power Couple. Probe spectaculoase preg\u0103tite at\u00e2t pentru fete, c\u00e2t \u0219i pentru b\u0103ie\u021bi. Proba de cuplu care s\u0103 fac\u0103 diferen\u021ba li o eliminare \u00een fiecare s\u0103pt\u0103m\u00e2n\u0103. C\u00e2t vor investi fiecare dintre ei \u00een partener, c\u00e2t\u0103 \u00eencredere \u0219i c\u00e2t\u0103 sus\u021binere e necesar\u0103 ca s\u0103 fii Power Couple, [&hellip;]\" \/>\n<meta property=\"og:url\" content=\"https:\/\/antenagroup.ro\/ro\/brands-ro\/power-couple\" \/>\n<meta property=\"og:site_name\" content=\"Antena Group - Leading Media &amp; Entertainment in Romania | Antena TV Group\" \/>\n<meta property=\"article:modified_time\" content=\"2025-01-22T07:09:50+00:00\" \/>\n<meta property=\"og:image\" content=\"https:\/\/antenagroup.ro\/wp-content\/uploads\/2024\/11\/pc-page-1024x542.png\" \/>\n\t<meta property=\"og:image:width\" content=\"1024\" \/>\n\t<meta property=\"og:image:height\" content=\"542\" \/>\n\t<meta property=\"og:image:type\" content=\"image\/png\" \/>\n<meta name=\"twitter:card\" content=\"summary_large_image\" \/>\n<meta name=\"twitter:label1\" content=\"Timp estimat pentru citire\" \/>\n\t<meta name=\"twitter:data1\" content=\"1 minut\" \/>\n<script type=\"application\/ld+json\" class=\"yoast-schema-graph\">{\"@context\":\"https:\/\/schema.org\",\"@graph\":[{\"@type\":\"WebPage\",\"@id\":\"https:\/\/antenagroup.ro\/ro\/brands-ro\/power-couple\",\"url\":\"https:\/\/antenagroup.ro\/ro\/brands-ro\/power-couple\",\"name\":\"Power Couple - Antena Group - Leading Media &amp; Entertainment in Romania | Antena TV Group\",\"isPartOf\":{\"@id\":\"https:\/\/antenagroup.ro\/ro#website\"},\"primaryImageOfPage\":{\"@id\":\"https:\/\/antenagroup.ro\/ro\/brands-ro\/power-couple#primaryimage\"},\"image\":{\"@id\":\"https:\/\/antenagroup.ro\/ro\/brands-ro\/power-couple#primaryimage\"},\"thumbnailUrl\":\"https:\/\/antenagroup.ro\/wp-content\/uploads\/2024\/11\/pc-page.png\",\"datePublished\":\"2024-11-07T10:49:20+00:00\",\"dateModified\":\"2025-01-22T07:09:50+00:00\",\"breadcrumb\":{\"@id\":\"https:\/\/antenagroup.ro\/ro\/brands-ro\/power-couple#breadcrumb\"},\"inLanguage\":\"ro-RO\",\"potentialAction\":[{\"@type\":\"ReadAction\",\"target\":[\"https:\/\/antenagroup.ro\/ro\/brands-ro\/power-couple\"]}]},{\"@type\":\"ImageObject\",\"inLanguage\":\"ro-RO\",\"@id\":\"https:\/\/antenagroup.ro\/ro\/brands-ro\/power-couple#primaryimage\",\"url\":\"https:\/\/antenagroup.ro\/wp-content\/uploads\/2024\/11\/pc-page.png\",\"contentUrl\":\"https:\/\/antenagroup.ro\/wp-content\/uploads\/2024\/11\/pc-page.png\",\"width\":5893,\"height\":3122,\"caption\":\"Power Couple\"},{\"@type\":\"BreadcrumbList\",\"@id\":\"https:\/\/antenagroup.ro\/ro\/brands-ro\/power-couple#breadcrumb\",\"itemListElement\":[{\"@type\":\"ListItem\",\"position\":1,\"name\":\"Prima pagin\u0103\",\"item\":\"https:\/\/antenagroup.ro\/ro\"},{\"@type\":\"ListItem\",\"position\":2,\"name\":\"Brands\",\"item\":\"https:\/\/antenagroup.ro\/ro\/brands-ro\"},{\"@type\":\"ListItem\",\"position\":3,\"name\":\"Power Couple\"}]},{\"@type\":\"WebSite\",\"@id\":\"https:\/\/antenagroup.ro\/ro#website\",\"url\":\"https:\/\/antenagroup.ro\/ro\",\"name\":\"Antena Group - Leading Media & Entertainment in Romania | Antena TV Group\",\"description\":\"\",\"publisher\":{\"@id\":\"https:\/\/antenagroup.ro\/ro#organization\"},\"alternateName\":\"Antena Group\",\"potentialAction\":[{\"@type\":\"SearchAction\",\"target\":{\"@type\":\"EntryPoint\",\"urlTemplate\":\"https:\/\/antenagroup.ro\/ro?s={search_term_string}\"},\"query-input\":{\"@type\":\"PropertyValueSpecification\",\"valueRequired\":true,\"valueName\":\"search_term_string\"}}],\"inLanguage\":\"ro-RO\"},{\"@type\":\"Organization\",\"@id\":\"https:\/\/antenagroup.ro\/ro#organization\",\"name\":\"Antena TV Group\",\"url\":\"https:\/\/antenagroup.ro\/ro\",\"logo\":{\"@type\":\"ImageObject\",\"inLanguage\":\"ro-RO\",\"@id\":\"https:\/\/antenagroup.ro\/ro#\/schema\/logo\/image\/\",\"url\":\"https:\/\/antenagroup.ro\/wp-content\/uploads\/2024\/10\/logo-antenagroup-fb.png\",\"contentUrl\":\"https:\/\/antenagroup.ro\/wp-content\/uploads\/2024\/10\/logo-antenagroup-fb.png\",\"width\":253,\"height\":200,\"caption\":\"Antena TV Group\"},\"image\":{\"@id\":\"https:\/\/antenagroup.ro\/ro#\/schema\/logo\/image\/\"},\"sameAs\":[\"https:\/\/ro.linkedin.com\/company\/antenagroup\"]}]}<\/script>\n<!-- \/ Yoast SEO Premium plugin. -->","yoast_head_json":{"title":"Power Couple - Antena Group - Leading Media &amp; Entertainment in Romania | Antena TV Group","robots":{"index":"index","follow":"follow","max-snippet":"max-snippet:-1","max-image-preview":"max-image-preview:large","max-video-preview":"max-video-preview:-1"},"canonical":"https:\/\/antenagroup.ro\/ro\/brands-ro\/power-couple","og_locale":"ro_RO","og_type":"article","og_title":"Power Couple","og_description":"Nou\u0103 cupluri de celebrit\u0103\u021bi trec prin experien\u021ba vie\u021bii lor la Power Couple. Probe spectaculoase preg\u0103tite at\u00e2t pentru fete, c\u00e2t \u0219i pentru b\u0103ie\u021bi. Proba de cuplu care s\u0103 fac\u0103 diferen\u021ba li o eliminare \u00een fiecare s\u0103pt\u0103m\u00e2n\u0103. C\u00e2t vor investi fiecare dintre ei \u00een partener, c\u00e2t\u0103 \u00eencredere \u0219i c\u00e2t\u0103 sus\u021binere e necesar\u0103 ca s\u0103 fii Power Couple, [&hellip;]","og_url":"https:\/\/antenagroup.ro\/ro\/brands-ro\/power-couple","og_site_name":"Antena Group - Leading Media &amp; Entertainment in Romania | Antena TV Group","article_modified_time":"2025-01-22T07:09:50+00:00","og_image":[{"width":1024,"height":542,"url":"https:\/\/antenagroup.ro\/wp-content\/uploads\/2024\/11\/pc-page-1024x542.png","type":"image\/png"}],"twitter_card":"summary_large_image","twitter_misc":{"Timp estimat pentru citire":"1 minut"},"schema":{"@context":"https:\/\/schema.org","@graph":[{"@type":"WebPage","@id":"https:\/\/antenagroup.ro\/ro\/brands-ro\/power-couple","url":"https:\/\/antenagroup.ro\/ro\/brands-ro\/power-couple","name":"Power Couple - Antena Group - Leading Media &amp; Entertainment in Romania | Antena TV Group","isPartOf":{"@id":"https:\/\/antenagroup.ro\/ro#website"},"primaryImageOfPage":{"@id":"https:\/\/antenagroup.ro\/ro\/brands-ro\/power-couple#primaryimage"},"image":{"@id":"https:\/\/antenagroup.ro\/ro\/brands-ro\/power-couple#primaryimage"},"thumbnailUrl":"https:\/\/antenagroup.ro\/wp-content\/uploads\/2024\/11\/pc-page.png","datePublished":"2024-11-07T10:49:20+00:00","dateModified":"2025-01-22T07:09:50+00:00","breadcrumb":{"@id":"https:\/\/antenagroup.ro\/ro\/brands-ro\/power-couple#breadcrumb"},"inLanguage":"ro-RO","potentialAction":[{"@type":"ReadAction","target":["https:\/\/antenagroup.ro\/ro\/brands-ro\/power-couple"]}]},{"@type":"ImageObject","inLanguage":"ro-RO","@id":"https:\/\/antenagroup.ro\/ro\/brands-ro\/power-couple#primaryimage","url":"https:\/\/antenagroup.ro\/wp-content\/uploads\/2024\/11\/pc-page.png","contentUrl":"https:\/\/antenagroup.ro\/wp-content\/uploads\/2024\/11\/pc-page.png","width":5893,"height":3122,"caption":"Power Couple"},{"@type":"BreadcrumbList","@id":"https:\/\/antenagroup.ro\/ro\/brands-ro\/power-couple#breadcrumb","itemListElement":[{"@type":"ListItem","position":1,"name":"Prima pagin\u0103","item":"https:\/\/antenagroup.ro\/ro"},{"@type":"ListItem","position":2,"name":"Brands","item":"https:\/\/antenagroup.ro\/ro\/brands-ro"},{"@type":"ListItem","position":3,"name":"Power Couple"}]},{"@type":"WebSite","@id":"https:\/\/antenagroup.ro\/ro#website","url":"https:\/\/antenagroup.ro\/ro","name":"Antena Group - Leading Media & Entertainment in Romania | Antena TV Group","description":"","publisher":{"@id":"https:\/\/antenagroup.ro\/ro#organization"},"alternateName":"Antena Group","potentialAction":[{"@type":"SearchAction","target":{"@type":"EntryPoint","urlTemplate":"https:\/\/antenagroup.ro\/ro?s={search_term_string}"},"query-input":{"@type":"PropertyValueSpecification","valueRequired":true,"valueName":"search_term_string"}}],"inLanguage":"ro-RO"},{"@type":"Organization","@id":"https:\/\/antenagroup.ro\/ro#organization","name":"Antena TV Group","url":"https:\/\/antenagroup.ro\/ro","logo":{"@type":"ImageObject","inLanguage":"ro-RO","@id":"https:\/\/antenagroup.ro\/ro#\/schema\/logo\/image\/","url":"https:\/\/antenagroup.ro\/wp-content\/uploads\/2024\/10\/logo-antenagroup-fb.png","contentUrl":"https:\/\/antenagroup.ro\/wp-content\/uploads\/2024\/10\/logo-antenagroup-fb.png","width":253,"height":200,"caption":"Antena TV Group"},"image":{"@id":"https:\/\/antenagroup.ro\/ro#\/schema\/logo\/image\/"},"sameAs":["https:\/\/ro.linkedin.com\/company\/antenagroup"]}]}},"_links":{"self":[{"href":"https:\/\/antenagroup.ro\/ro\/wp-json\/wp\/v2\/pages\/1233","targetHints":{"allow":["GET"]}}],"collection":[{"href":"https:\/\/antenagroup.ro\/ro\/wp-json\/wp\/v2\/pages"}],"about":[{"href":"https:\/\/antenagroup.ro\/ro\/wp-json\/wp\/v2\/types\/page"}],"author":[{"embeddable":true,"href":"https:\/\/antenagroup.ro\/ro\/wp-json\/wp\/v2\/users\/1"}],"replies":[{"embeddable":true,"href":"https:\/\/antenagroup.ro\/ro\/wp-json\/wp\/v2\/comments?post=1233"}],"version-history":[{"count":1,"href":"https:\/\/antenagroup.ro\/ro\/wp-json\/wp\/v2\/pages\/1233\/revisions"}],"predecessor-version":[{"id":1322,"href":"https:\/\/antenagroup.ro\/ro\/wp-json\/wp\/v2\/pages\/1233\/revisions\/1322"}],"up":[{"embeddable":true,"href":"https:\/\/antenagroup.ro\/ro\/wp-json\/wp\/v2\/pages\/834"}],"wp:featuredmedia":[{"embeddable":true,"href":"https:\/\/antenagroup.ro\/ro\/wp-json\/wp\/v2\/media\/1212"}],"wp:attachment":[{"href":"https:\/\/antenagroup.ro\/ro\/wp-json\/wp\/v2\/media?parent=1233"}],"curies":[{"name":"wp","href":"https:\/\/api.w.org\/{rel}","templated":true}]}}