{"id":1276,"date":"2024-11-15T14:57:29","date_gmt":"2024-11-15T12:57:29","guid":{"rendered":"https:\/\/antenagroup.ro\/?page_id=1276"},"modified":"2024-11-18T13:27:58","modified_gmt":"2024-11-18T11:27:58","slug":"aplica-pentru-job","status":"publish","type":"page","link":"https:\/\/antenagroup.ro\/ro\/aplica-pentru-job","title":{"rendered":"Aplic\u0103 pentru job"},"content":{"rendered":"\n<p>Dac\u0103 sunte\u021bi interesat de oportunit\u0103\u021bi profesionale, v\u0103 rug\u0103m s\u0103 ne trimite\u021bi un CV ata\u0219at formularului completat.<\/p>\n","protected":false},"excerpt":{"rendered":"<p>Dac\u0103 sunte\u021bi interesat de oportunit\u0103\u021bi profesionale, v\u0103 rug\u0103m s\u0103 ne trimite\u021bi un CV ata\u0219at formularului completat.<\/p>\n","protected":false},"author":1,"featured_media":0,"parent":0,"menu_order":0,"comment_status":"closed","ping_status":"closed","template":"page-careers-apply.php","meta":{"_acf_changed":false,"footnotes":""},"class_list":["post-1276","page","type-page","status-publish","hentry"],"acf":[],"yoast_head":"<!-- This site is optimized with the Yoast SEO Premium plugin v27.2 (Yoast SEO v27.2) - https:\/\/yoast.com\/product\/yoast-seo-premium-wordpress\/ -->\n<title>Aplic\u0103 pentru job - Antena Group - Leading Media &amp; Entertainment in Romania | Antena TV Group<\/title>\n<meta name=\"robots\" content=\"index, follow, max-snippet:-1, max-image-preview:large, max-video-preview:-1\" \/>\n<link rel=\"canonical\" href=\"https:\/\/antenagroup.ro\/ro\/aplica-pentru-job\" \/>\n<meta property=\"og:locale\" content=\"ro_RO\" \/>\n<meta property=\"og:type\" content=\"article\" \/>\n<meta property=\"og:title\" content=\"Aplic\u0103 pentru job\" \/>\n<meta property=\"og:description\" content=\"Dac\u0103 sunte\u021bi interesat de oportunit\u0103\u021bi profesionale, v\u0103 rug\u0103m s\u0103 ne trimite\u021bi un CV ata\u0219at formularului completat.\" \/>\n<meta property=\"og:url\" content=\"https:\/\/antenagroup.ro\/ro\/aplica-pentru-job\" \/>\n<meta property=\"og:site_name\" content=\"Antena Group - Leading Media &amp; Entertainment in Romania | Antena TV Group\" \/>\n<meta property=\"article:modified_time\" content=\"2024-11-18T11:27:58+00:00\" \/>\n<meta name=\"twitter:card\" content=\"summary_large_image\" \/>\n<meta name=\"twitter:label1\" content=\"Timp estimat pentru citire\" \/>\n\t<meta name=\"twitter:data1\" content=\"1 minut\" \/>\n<script type=\"application\/ld+json\" class=\"yoast-schema-graph\">{\"@context\":\"https:\/\/schema.org\",\"@graph\":[{\"@type\":\"WebPage\",\"@id\":\"https:\/\/antenagroup.ro\/ro\/aplica-pentru-job\",\"url\":\"https:\/\/antenagroup.ro\/ro\/aplica-pentru-job\",\"name\":\"Aplic\u0103 pentru job - Antena Group - Leading Media &amp; Entertainment in Romania | Antena TV Group\",\"isPartOf\":{\"@id\":\"https:\/\/antenagroup.ro\/ro#website\"},\"datePublished\":\"2024-11-15T12:57:29+00:00\",\"dateModified\":\"2024-11-18T11:27:58+00:00\",\"breadcrumb\":{\"@id\":\"https:\/\/antenagroup.ro\/ro\/aplica-pentru-job#breadcrumb\"},\"inLanguage\":\"ro-RO\",\"potentialAction\":[{\"@type\":\"ReadAction\",\"target\":[\"https:\/\/antenagroup.ro\/ro\/aplica-pentru-job\"]}]},{\"@type\":\"BreadcrumbList\",\"@id\":\"https:\/\/antenagroup.ro\/ro\/aplica-pentru-job#breadcrumb\",\"itemListElement\":[{\"@type\":\"ListItem\",\"position\":1,\"name\":\"Prima pagin\u0103\",\"item\":\"https:\/\/antenagroup.ro\/ro\"},{\"@type\":\"ListItem\",\"position\":2,\"name\":\"Aplic\u0103 pentru job\"}]},{\"@type\":\"WebSite\",\"@id\":\"https:\/\/antenagroup.ro\/ro#website\",\"url\":\"https:\/\/antenagroup.ro\/ro\",\"name\":\"Antena Group - Leading Media & Entertainment in Romania | Antena TV Group\",\"description\":\"\",\"publisher\":{\"@id\":\"https:\/\/antenagroup.ro\/ro#organization\"},\"alternateName\":\"Antena Group\",\"potentialAction\":[{\"@type\":\"SearchAction\",\"target\":{\"@type\":\"EntryPoint\",\"urlTemplate\":\"https:\/\/antenagroup.ro\/ro?s={search_term_string}\"},\"query-input\":{\"@type\":\"PropertyValueSpecification\",\"valueRequired\":true,\"valueName\":\"search_term_string\"}}],\"inLanguage\":\"ro-RO\"},{\"@type\":\"Organization\",\"@id\":\"https:\/\/antenagroup.ro\/ro#organization\",\"name\":\"Antena TV Group\",\"url\":\"https:\/\/antenagroup.ro\/ro\",\"logo\":{\"@type\":\"ImageObject\",\"inLanguage\":\"ro-RO\",\"@id\":\"https:\/\/antenagroup.ro\/ro#\/schema\/logo\/image\/\",\"url\":\"https:\/\/antenagroup.ro\/wp-content\/uploads\/2024\/10\/logo-antenagroup-fb.png\",\"contentUrl\":\"https:\/\/antenagroup.ro\/wp-content\/uploads\/2024\/10\/logo-antenagroup-fb.png\",\"width\":253,\"height\":200,\"caption\":\"Antena TV Group\"},\"image\":{\"@id\":\"https:\/\/antenagroup.ro\/ro#\/schema\/logo\/image\/\"},\"sameAs\":[\"https:\/\/ro.linkedin.com\/company\/antenagroup\"]}]}<\/script>\n<!-- \/ Yoast SEO Premium plugin. -->","yoast_head_json":{"title":"Aplic\u0103 pentru job - Antena Group - Leading Media &amp; Entertainment in Romania | Antena TV Group","robots":{"index":"index","follow":"follow","max-snippet":"max-snippet:-1","max-image-preview":"max-image-preview:large","max-video-preview":"max-video-preview:-1"},"canonical":"https:\/\/antenagroup.ro\/ro\/aplica-pentru-job","og_locale":"ro_RO","og_type":"article","og_title":"Aplic\u0103 pentru job","og_description":"Dac\u0103 sunte\u021bi interesat de oportunit\u0103\u021bi profesionale, v\u0103 rug\u0103m s\u0103 ne trimite\u021bi un CV ata\u0219at formularului completat.","og_url":"https:\/\/antenagroup.ro\/ro\/aplica-pentru-job","og_site_name":"Antena Group - Leading Media &amp; Entertainment in Romania | Antena TV Group","article_modified_time":"2024-11-18T11:27:58+00:00","twitter_card":"summary_large_image","twitter_misc":{"Timp estimat pentru citire":"1 minut"},"schema":{"@context":"https:\/\/schema.org","@graph":[{"@type":"WebPage","@id":"https:\/\/antenagroup.ro\/ro\/aplica-pentru-job","url":"https:\/\/antenagroup.ro\/ro\/aplica-pentru-job","name":"Aplic\u0103 pentru job - Antena Group - Leading Media &amp; Entertainment in Romania | Antena TV Group","isPartOf":{"@id":"https:\/\/antenagroup.ro\/ro#website"},"datePublished":"2024-11-15T12:57:29+00:00","dateModified":"2024-11-18T11:27:58+00:00","breadcrumb":{"@id":"https:\/\/antenagroup.ro\/ro\/aplica-pentru-job#breadcrumb"},"inLanguage":"ro-RO","potentialAction":[{"@type":"ReadAction","target":["https:\/\/antenagroup.ro\/ro\/aplica-pentru-job"]}]},{"@type":"BreadcrumbList","@id":"https:\/\/antenagroup.ro\/ro\/aplica-pentru-job#breadcrumb","itemListElement":[{"@type":"ListItem","position":1,"name":"Prima pagin\u0103","item":"https:\/\/antenagroup.ro\/ro"},{"@type":"ListItem","position":2,"name":"Aplic\u0103 pentru job"}]},{"@type":"WebSite","@id":"https:\/\/antenagroup.ro\/ro#website","url":"https:\/\/antenagroup.ro\/ro","name":"Antena Group - Leading Media & Entertainment in Romania | Antena TV Group","description":"","publisher":{"@id":"https:\/\/antenagroup.ro\/ro#organization"},"alternateName":"Antena Group","potentialAction":[{"@type":"SearchAction","target":{"@type":"EntryPoint","urlTemplate":"https:\/\/antenagroup.ro\/ro?s={search_term_string}"},"query-input":{"@type":"PropertyValueSpecification","valueRequired":true,"valueName":"search_term_string"}}],"inLanguage":"ro-RO"},{"@type":"Organization","@id":"https:\/\/antenagroup.ro\/ro#organization","name":"Antena TV Group","url":"https:\/\/antenagroup.ro\/ro","logo":{"@type":"ImageObject","inLanguage":"ro-RO","@id":"https:\/\/antenagroup.ro\/ro#\/schema\/logo\/image\/","url":"https:\/\/antenagroup.ro\/wp-content\/uploads\/2024\/10\/logo-antenagroup-fb.png","contentUrl":"https:\/\/antenagroup.ro\/wp-content\/uploads\/2024\/10\/logo-antenagroup-fb.png","width":253,"height":200,"caption":"Antena TV Group"},"image":{"@id":"https:\/\/antenagroup.ro\/ro#\/schema\/logo\/image\/"},"sameAs":["https:\/\/ro.linkedin.com\/company\/antenagroup"]}]}},"_links":{"self":[{"href":"https:\/\/antenagroup.ro\/ro\/wp-json\/wp\/v2\/pages\/1276","targetHints":{"allow":["GET"]}}],"collection":[{"href":"https:\/\/antenagroup.ro\/ro\/wp-json\/wp\/v2\/pages"}],"about":[{"href":"https:\/\/antenagroup.ro\/ro\/wp-json\/wp\/v2\/types\/page"}],"author":[{"embeddable":true,"href":"https:\/\/antenagroup.ro\/ro\/wp-json\/wp\/v2\/users\/1"}],"replies":[{"embeddable":true,"href":"https:\/\/antenagroup.ro\/ro\/wp-json\/wp\/v2\/comments?post=1276"}],"version-history":[{"count":0,"href":"https:\/\/antenagroup.ro\/ro\/wp-json\/wp\/v2\/pages\/1276\/revisions"}],"wp:attachment":[{"href":"https:\/\/antenagroup.ro\/ro\/wp-json\/wp\/v2\/media?parent=1276"}],"curies":[{"name":"wp","href":"https:\/\/api.w.org\/{rel}","templated":true}]}}