{"id":2021,"date":"2025-08-06T16:59:37","date_gmt":"2025-08-06T13:59:37","guid":{"rendered":"https:\/\/antenagroup.ro\/?page_id=2021"},"modified":"2025-08-06T17:01:19","modified_gmt":"2025-08-06T14:01:19","slug":"the-ticket","status":"publish","type":"page","link":"https:\/\/antenagroup.ro\/ro\/brands-ro\/the-ticket","title":{"rendered":"The Ticket"},"content":{"rendered":"\n<p>Cel mai nou format marca Antena, promite un show cum n-a mai fost. Spre deosebire de formatele clasice de tip &#8222;talent show&#8221;, noul proiect mizeaz\u0103 pe modul \u00een care concuren\u021bii \u00ee\u0219i pun \u00een valoare talentul devine la fel de important \u2014 sau chiar mai important \u2014 dec\u00e2t aptitudinea \u00een sine. Criteriile de jurizare pun accent pe expresivitate, autenticitate, creativitate \u0219i for\u021b\u0103 artistic\u0103. Un element esen\u021bial care diferen\u021biaz\u0103 formatul este recompensa imediat\u0103: participan\u021bii pot c\u00e2\u0219tiga bani pe loc, \u00een func\u021bie de reac\u021bia pe care o genereaz\u0103 \u00een sal\u0103 \u0219i \u00een fa\u021ba juriului. Este un sistem care ofer\u0103 recunoa\u0219tere instant\u0103, valabil\u0103 \u00een timp real: dac\u0103 momentul t\u0103u convinge, nu pleci acas\u0103 doar cu aplauze, ci \u0219i cu bani \u00een buzunar. Publicul din sal\u0103 devine un personaj \u00een sine. \u00cen faza audi\u021biilor, acesta valideaz\u0103 financiar momentele care \u00eel emo\u021bioneaz\u0103 sau surprind, oferind bilete virtuale care se transform\u0103 \u00een recompens\u0103 real\u0103 la finalul fiec\u0103rui episod. Rolul juriului de aceast\u0103 dat\u0103 este de a selecta finali\u0219tii, c\u00e2te unul din fiecare episod.<\/p>\n","protected":false},"excerpt":{"rendered":"<p>Cel mai nou format marca Antena, promite un show cum n-a mai fost. Spre deosebire de formatele clasice de tip &#8222;talent show&#8221;, noul proiect mizeaz\u0103 pe modul \u00een care concuren\u021bii \u00ee\u0219i pun \u00een valoare talentul devine la fel de important \u2014 sau chiar mai important \u2014 dec\u00e2t aptitudinea \u00een sine. Criteriile de jurizare pun accent [&hellip;]<\/p>\n","protected":false},"author":2,"featured_media":2019,"parent":834,"menu_order":0,"comment_status":"closed","ping_status":"closed","template":"page-brand.php","meta":{"_acf_changed":false,"footnotes":""},"class_list":["post-2021","page","type-page","status-publish","has-post-thumbnail","hentry"],"acf":[],"yoast_head":"<!-- This site is optimized with the Yoast SEO Premium plugin v27.2 (Yoast SEO v27.2) - https:\/\/yoast.com\/product\/yoast-seo-premium-wordpress\/ -->\n<title>The Ticket - Antena Group - Leading Media &amp; Entertainment in Romania | Antena TV Group<\/title>\n<meta name=\"robots\" content=\"index, follow, max-snippet:-1, max-image-preview:large, max-video-preview:-1\" \/>\n<link rel=\"canonical\" href=\"https:\/\/antenagroup.ro\/ro\/brands-ro\/the-ticket\" \/>\n<meta property=\"og:locale\" content=\"ro_RO\" \/>\n<meta property=\"og:type\" content=\"article\" \/>\n<meta property=\"og:title\" content=\"The Ticket\" \/>\n<meta property=\"og:description\" content=\"Cel mai nou format marca Antena, promite un show cum n-a mai fost. Spre deosebire de formatele clasice de tip &#8222;talent show&#8221;, noul proiect mizeaz\u0103 pe modul \u00een care concuren\u021bii \u00ee\u0219i pun \u00een valoare talentul devine la fel de important \u2014 sau chiar mai important \u2014 dec\u00e2t aptitudinea \u00een sine. Criteriile de jurizare pun accent [&hellip;]\" \/>\n<meta property=\"og:url\" content=\"https:\/\/antenagroup.ro\/ro\/brands-ro\/the-ticket\" \/>\n<meta property=\"og:site_name\" content=\"Antena Group - Leading Media &amp; Entertainment in Romania | Antena TV Group\" \/>\n<meta property=\"article:modified_time\" content=\"2025-08-06T14:01:19+00:00\" \/>\n<meta property=\"og:image\" content=\"https:\/\/antenagroup.ro\/wp-content\/uploads\/2025\/08\/The_Ticket_premiera_in_curanda1ro_ShowCover_720x600.jpg\" \/>\n\t<meta property=\"og:image:width\" content=\"720\" \/>\n\t<meta property=\"og:image:height\" content=\"600\" \/>\n\t<meta property=\"og:image:type\" content=\"image\/jpeg\" \/>\n<meta name=\"twitter:card\" content=\"summary_large_image\" \/>\n<meta name=\"twitter:label1\" content=\"Timp estimat pentru citire\" \/>\n\t<meta name=\"twitter:data1\" content=\"1 minut\" \/>\n<script type=\"application\/ld+json\" class=\"yoast-schema-graph\">{\"@context\":\"https:\/\/schema.org\",\"@graph\":[{\"@type\":\"WebPage\",\"@id\":\"https:\/\/antenagroup.ro\/ro\/brands-ro\/the-ticket\",\"url\":\"https:\/\/antenagroup.ro\/ro\/brands-ro\/the-ticket\",\"name\":\"The Ticket - Antena Group - Leading Media &amp; Entertainment in Romania | Antena TV Group\",\"isPartOf\":{\"@id\":\"https:\/\/antenagroup.ro\/ro#website\"},\"primaryImageOfPage\":{\"@id\":\"https:\/\/antenagroup.ro\/ro\/brands-ro\/the-ticket#primaryimage\"},\"image\":{\"@id\":\"https:\/\/antenagroup.ro\/ro\/brands-ro\/the-ticket#primaryimage\"},\"thumbnailUrl\":\"https:\/\/antenagroup.ro\/wp-content\/uploads\/2025\/08\/The_Ticket_premiera_in_curanda1ro_ShowCover_720x600.jpg\",\"datePublished\":\"2025-08-06T13:59:37+00:00\",\"dateModified\":\"2025-08-06T14:01:19+00:00\",\"breadcrumb\":{\"@id\":\"https:\/\/antenagroup.ro\/ro\/brands-ro\/the-ticket#breadcrumb\"},\"inLanguage\":\"ro-RO\",\"potentialAction\":[{\"@type\":\"ReadAction\",\"target\":[\"https:\/\/antenagroup.ro\/ro\/brands-ro\/the-ticket\"]}]},{\"@type\":\"ImageObject\",\"inLanguage\":\"ro-RO\",\"@id\":\"https:\/\/antenagroup.ro\/ro\/brands-ro\/the-ticket#primaryimage\",\"url\":\"https:\/\/antenagroup.ro\/wp-content\/uploads\/2025\/08\/The_Ticket_premiera_in_curanda1ro_ShowCover_720x600.jpg\",\"contentUrl\":\"https:\/\/antenagroup.ro\/wp-content\/uploads\/2025\/08\/The_Ticket_premiera_in_curanda1ro_ShowCover_720x600.jpg\",\"width\":720,\"height\":600},{\"@type\":\"BreadcrumbList\",\"@id\":\"https:\/\/antenagroup.ro\/ro\/brands-ro\/the-ticket#breadcrumb\",\"itemListElement\":[{\"@type\":\"ListItem\",\"position\":1,\"name\":\"Prima pagin\u0103\",\"item\":\"https:\/\/antenagroup.ro\/ro\"},{\"@type\":\"ListItem\",\"position\":2,\"name\":\"Brands\",\"item\":\"https:\/\/antenagroup.ro\/ro\/brands-ro\"},{\"@type\":\"ListItem\",\"position\":3,\"name\":\"The Ticket\"}]},{\"@type\":\"WebSite\",\"@id\":\"https:\/\/antenagroup.ro\/ro#website\",\"url\":\"https:\/\/antenagroup.ro\/ro\",\"name\":\"Antena Group - Leading Media & Entertainment in Romania | Antena TV Group\",\"description\":\"\",\"publisher\":{\"@id\":\"https:\/\/antenagroup.ro\/ro#organization\"},\"alternateName\":\"Antena Group\",\"potentialAction\":[{\"@type\":\"SearchAction\",\"target\":{\"@type\":\"EntryPoint\",\"urlTemplate\":\"https:\/\/antenagroup.ro\/ro?s={search_term_string}\"},\"query-input\":{\"@type\":\"PropertyValueSpecification\",\"valueRequired\":true,\"valueName\":\"search_term_string\"}}],\"inLanguage\":\"ro-RO\"},{\"@type\":\"Organization\",\"@id\":\"https:\/\/antenagroup.ro\/ro#organization\",\"name\":\"Antena TV Group\",\"url\":\"https:\/\/antenagroup.ro\/ro\",\"logo\":{\"@type\":\"ImageObject\",\"inLanguage\":\"ro-RO\",\"@id\":\"https:\/\/antenagroup.ro\/ro#\/schema\/logo\/image\/\",\"url\":\"https:\/\/antenagroup.ro\/wp-content\/uploads\/2024\/10\/logo-antenagroup-fb.png\",\"contentUrl\":\"https:\/\/antenagroup.ro\/wp-content\/uploads\/2024\/10\/logo-antenagroup-fb.png\",\"width\":253,\"height\":200,\"caption\":\"Antena TV Group\"},\"image\":{\"@id\":\"https:\/\/antenagroup.ro\/ro#\/schema\/logo\/image\/\"},\"sameAs\":[\"https:\/\/ro.linkedin.com\/company\/antenagroup\"]}]}<\/script>\n<!-- \/ Yoast SEO Premium plugin. -->","yoast_head_json":{"title":"The Ticket - Antena Group - Leading Media &amp; Entertainment in Romania | Antena TV Group","robots":{"index":"index","follow":"follow","max-snippet":"max-snippet:-1","max-image-preview":"max-image-preview:large","max-video-preview":"max-video-preview:-1"},"canonical":"https:\/\/antenagroup.ro\/ro\/brands-ro\/the-ticket","og_locale":"ro_RO","og_type":"article","og_title":"The Ticket","og_description":"Cel mai nou format marca Antena, promite un show cum n-a mai fost. Spre deosebire de formatele clasice de tip &#8222;talent show&#8221;, noul proiect mizeaz\u0103 pe modul \u00een care concuren\u021bii \u00ee\u0219i pun \u00een valoare talentul devine la fel de important \u2014 sau chiar mai important \u2014 dec\u00e2t aptitudinea \u00een sine. Criteriile de jurizare pun accent [&hellip;]","og_url":"https:\/\/antenagroup.ro\/ro\/brands-ro\/the-ticket","og_site_name":"Antena Group - Leading Media &amp; Entertainment in Romania | Antena TV Group","article_modified_time":"2025-08-06T14:01:19+00:00","og_image":[{"width":720,"height":600,"url":"https:\/\/antenagroup.ro\/wp-content\/uploads\/2025\/08\/The_Ticket_premiera_in_curanda1ro_ShowCover_720x600.jpg","type":"image\/jpeg"}],"twitter_card":"summary_large_image","twitter_misc":{"Timp estimat pentru citire":"1 minut"},"schema":{"@context":"https:\/\/schema.org","@graph":[{"@type":"WebPage","@id":"https:\/\/antenagroup.ro\/ro\/brands-ro\/the-ticket","url":"https:\/\/antenagroup.ro\/ro\/brands-ro\/the-ticket","name":"The Ticket - Antena Group - Leading Media &amp; Entertainment in Romania | Antena TV Group","isPartOf":{"@id":"https:\/\/antenagroup.ro\/ro#website"},"primaryImageOfPage":{"@id":"https:\/\/antenagroup.ro\/ro\/brands-ro\/the-ticket#primaryimage"},"image":{"@id":"https:\/\/antenagroup.ro\/ro\/brands-ro\/the-ticket#primaryimage"},"thumbnailUrl":"https:\/\/antenagroup.ro\/wp-content\/uploads\/2025\/08\/The_Ticket_premiera_in_curanda1ro_ShowCover_720x600.jpg","datePublished":"2025-08-06T13:59:37+00:00","dateModified":"2025-08-06T14:01:19+00:00","breadcrumb":{"@id":"https:\/\/antenagroup.ro\/ro\/brands-ro\/the-ticket#breadcrumb"},"inLanguage":"ro-RO","potentialAction":[{"@type":"ReadAction","target":["https:\/\/antenagroup.ro\/ro\/brands-ro\/the-ticket"]}]},{"@type":"ImageObject","inLanguage":"ro-RO","@id":"https:\/\/antenagroup.ro\/ro\/brands-ro\/the-ticket#primaryimage","url":"https:\/\/antenagroup.ro\/wp-content\/uploads\/2025\/08\/The_Ticket_premiera_in_curanda1ro_ShowCover_720x600.jpg","contentUrl":"https:\/\/antenagroup.ro\/wp-content\/uploads\/2025\/08\/The_Ticket_premiera_in_curanda1ro_ShowCover_720x600.jpg","width":720,"height":600},{"@type":"BreadcrumbList","@id":"https:\/\/antenagroup.ro\/ro\/brands-ro\/the-ticket#breadcrumb","itemListElement":[{"@type":"ListItem","position":1,"name":"Prima pagin\u0103","item":"https:\/\/antenagroup.ro\/ro"},{"@type":"ListItem","position":2,"name":"Brands","item":"https:\/\/antenagroup.ro\/ro\/brands-ro"},{"@type":"ListItem","position":3,"name":"The Ticket"}]},{"@type":"WebSite","@id":"https:\/\/antenagroup.ro\/ro#website","url":"https:\/\/antenagroup.ro\/ro","name":"Antena Group - Leading Media & Entertainment in Romania | Antena TV Group","description":"","publisher":{"@id":"https:\/\/antenagroup.ro\/ro#organization"},"alternateName":"Antena Group","potentialAction":[{"@type":"SearchAction","target":{"@type":"EntryPoint","urlTemplate":"https:\/\/antenagroup.ro\/ro?s={search_term_string}"},"query-input":{"@type":"PropertyValueSpecification","valueRequired":true,"valueName":"search_term_string"}}],"inLanguage":"ro-RO"},{"@type":"Organization","@id":"https:\/\/antenagroup.ro\/ro#organization","name":"Antena TV Group","url":"https:\/\/antenagroup.ro\/ro","logo":{"@type":"ImageObject","inLanguage":"ro-RO","@id":"https:\/\/antenagroup.ro\/ro#\/schema\/logo\/image\/","url":"https:\/\/antenagroup.ro\/wp-content\/uploads\/2024\/10\/logo-antenagroup-fb.png","contentUrl":"https:\/\/antenagroup.ro\/wp-content\/uploads\/2024\/10\/logo-antenagroup-fb.png","width":253,"height":200,"caption":"Antena TV Group"},"image":{"@id":"https:\/\/antenagroup.ro\/ro#\/schema\/logo\/image\/"},"sameAs":["https:\/\/ro.linkedin.com\/company\/antenagroup"]}]}},"_links":{"self":[{"href":"https:\/\/antenagroup.ro\/ro\/wp-json\/wp\/v2\/pages\/2021","targetHints":{"allow":["GET"]}}],"collection":[{"href":"https:\/\/antenagroup.ro\/ro\/wp-json\/wp\/v2\/pages"}],"about":[{"href":"https:\/\/antenagroup.ro\/ro\/wp-json\/wp\/v2\/types\/page"}],"author":[{"embeddable":true,"href":"https:\/\/antenagroup.ro\/ro\/wp-json\/wp\/v2\/users\/2"}],"replies":[{"embeddable":true,"href":"https:\/\/antenagroup.ro\/ro\/wp-json\/wp\/v2\/comments?post=2021"}],"version-history":[{"count":1,"href":"https:\/\/antenagroup.ro\/ro\/wp-json\/wp\/v2\/pages\/2021\/revisions"}],"predecessor-version":[{"id":2022,"href":"https:\/\/antenagroup.ro\/ro\/wp-json\/wp\/v2\/pages\/2021\/revisions\/2022"}],"up":[{"embeddable":true,"href":"https:\/\/antenagroup.ro\/ro\/wp-json\/wp\/v2\/pages\/834"}],"wp:featuredmedia":[{"embeddable":true,"href":"https:\/\/antenagroup.ro\/ro\/wp-json\/wp\/v2\/media\/2019"}],"wp:attachment":[{"href":"https:\/\/antenagroup.ro\/ro\/wp-json\/wp\/v2\/media?parent=2021"}],"curies":[{"name":"wp","href":"https:\/\/api.w.org\/{rel}","templated":true}]}}