{"id":2027,"date":"2025-08-06T17:04:12","date_gmt":"2025-08-06T14:04:12","guid":{"rendered":"https:\/\/antenagroup.ro\/?page_id=2027"},"modified":"2025-08-06T17:05:29","modified_gmt":"2025-08-06T14:05:29","slug":"ana-mi-ai-fost-scrisa-n-adn","status":"publish","type":"page","link":"https:\/\/antenagroup.ro\/ro\/brands-ro\/ana-mi-ai-fost-scrisa-n-adn","title":{"rendered":"Ana, Mi-ai fost scris\u0103-n ADN"},"content":{"rendered":"\n<p>Serial original rom\u00e2nesc, semnat de Ruxandra Ion \u015fi produs de Dream Film Production, Ana, Mi-ai fost scris\u0103-n ADN. Produc\u0163ia aduce \u00een prim plan o poveste emo\u0163ionant\u0103, \u00een care personaje complexe \u0219i puternic conturate \u00ee\u0219i caut\u0103 drumul spre inima privitorului. Protagonista este o t\u00e2n\u0103r\u0103 ambi\u0163ioas\u0103 \u015fi determinat\u0103, abandonat\u0103 la na\u015ftere, care \u00een urma unui test genetic \u00ee\u015fi g\u0103se\u015fte mama chiar \u00een persoana celei la care se a\u015ftepta cel mai pu\u0163in. Guvernat \u00een egal\u0103 m\u0103sur\u0103 de putere \u015fi sensibilitate, serialul atac\u0103 o tem\u0103 desprins\u0103 din realitate, \u00eembr\u0103cat\u0103 \u00een emo\u0163iile unei tinere care \u00ee\u015fi caut\u0103 drumul \u00eentr-o lume plin\u0103 de secrete, condus\u0103 de bani, putere \u0219i decizii din trecut pe care mul\u0163i le-ar dori \u00eengropate \u00een uitare.<\/p>\n","protected":false},"excerpt":{"rendered":"<p>Serial original rom\u00e2nesc, semnat de Ruxandra Ion \u015fi produs de Dream Film Production, Ana, Mi-ai fost scris\u0103-n ADN. Produc\u0163ia aduce \u00een prim plan o poveste emo\u0163ionant\u0103, \u00een care personaje complexe \u0219i puternic conturate \u00ee\u0219i caut\u0103 drumul spre inima privitorului. Protagonista este o t\u00e2n\u0103r\u0103 ambi\u0163ioas\u0103 \u015fi determinat\u0103, abandonat\u0103 la na\u015ftere, care \u00een urma unui test genetic [&hellip;]<\/p>\n","protected":false},"author":2,"featured_media":2025,"parent":834,"menu_order":0,"comment_status":"closed","ping_status":"closed","template":"page-brand.php","meta":{"_acf_changed":false,"footnotes":""},"class_list":["post-2027","page","type-page","status-publish","has-post-thumbnail","hentry"],"acf":[],"yoast_head":"<!-- This site is optimized with the Yoast SEO Premium plugin v27.2 (Yoast SEO v27.2) - https:\/\/yoast.com\/product\/yoast-seo-premium-wordpress\/ -->\n<title>Ana, Mi-ai fost scris\u0103-n ADN - Antena Group - Leading Media &amp; Entertainment in Romania | Antena TV Group<\/title>\n<meta name=\"robots\" content=\"index, follow, max-snippet:-1, max-image-preview:large, max-video-preview:-1\" \/>\n<link rel=\"canonical\" href=\"https:\/\/antenagroup.ro\/ro\/brands-ro\/ana-mi-ai-fost-scrisa-n-adn\" \/>\n<meta property=\"og:locale\" content=\"ro_RO\" \/>\n<meta property=\"og:type\" content=\"article\" \/>\n<meta property=\"og:title\" content=\"Ana, Mi-ai fost scris\u0103-n ADN\" \/>\n<meta property=\"og:description\" content=\"Serial original rom\u00e2nesc, semnat de Ruxandra Ion \u015fi produs de Dream Film Production, Ana, Mi-ai fost scris\u0103-n ADN. Produc\u0163ia aduce \u00een prim plan o poveste emo\u0163ionant\u0103, \u00een care personaje complexe \u0219i puternic conturate \u00ee\u0219i caut\u0103 drumul spre inima privitorului. Protagonista este o t\u00e2n\u0103r\u0103 ambi\u0163ioas\u0103 \u015fi determinat\u0103, abandonat\u0103 la na\u015ftere, care \u00een urma unui test genetic [&hellip;]\" \/>\n<meta property=\"og:url\" content=\"https:\/\/antenagroup.ro\/ro\/brands-ro\/ana-mi-ai-fost-scrisa-n-adn\" \/>\n<meta property=\"og:site_name\" content=\"Antena Group - Leading Media &amp; Entertainment in Romania | Antena TV Group\" \/>\n<meta property=\"article:modified_time\" content=\"2025-08-06T14:05:29+00:00\" \/>\n<meta property=\"og:image\" content=\"https:\/\/antenagroup.ro\/wp-content\/uploads\/2025\/08\/ANA_SezonNou_28augustProfilePic_NoTAG.jpg\" \/>\n\t<meta property=\"og:image:width\" content=\"900\" \/>\n\t<meta property=\"og:image:height\" content=\"900\" \/>\n\t<meta property=\"og:image:type\" content=\"image\/jpeg\" \/>\n<meta name=\"twitter:card\" content=\"summary_large_image\" \/>\n<meta name=\"twitter:label1\" content=\"Timp estimat pentru citire\" \/>\n\t<meta name=\"twitter:data1\" content=\"1 minut\" \/>\n<script type=\"application\/ld+json\" class=\"yoast-schema-graph\">{\"@context\":\"https:\/\/schema.org\",\"@graph\":[{\"@type\":\"WebPage\",\"@id\":\"https:\/\/antenagroup.ro\/ro\/brands-ro\/ana-mi-ai-fost-scrisa-n-adn\",\"url\":\"https:\/\/antenagroup.ro\/ro\/brands-ro\/ana-mi-ai-fost-scrisa-n-adn\",\"name\":\"Ana, Mi-ai fost scris\u0103-n ADN - Antena Group - Leading Media &amp; Entertainment in Romania | Antena TV Group\",\"isPartOf\":{\"@id\":\"https:\/\/antenagroup.ro\/ro#website\"},\"primaryImageOfPage\":{\"@id\":\"https:\/\/antenagroup.ro\/ro\/brands-ro\/ana-mi-ai-fost-scrisa-n-adn#primaryimage\"},\"image\":{\"@id\":\"https:\/\/antenagroup.ro\/ro\/brands-ro\/ana-mi-ai-fost-scrisa-n-adn#primaryimage\"},\"thumbnailUrl\":\"https:\/\/antenagroup.ro\/wp-content\/uploads\/2025\/08\/ANA_SezonNou_28augustProfilePic_NoTAG.jpg\",\"datePublished\":\"2025-08-06T14:04:12+00:00\",\"dateModified\":\"2025-08-06T14:05:29+00:00\",\"breadcrumb\":{\"@id\":\"https:\/\/antenagroup.ro\/ro\/brands-ro\/ana-mi-ai-fost-scrisa-n-adn#breadcrumb\"},\"inLanguage\":\"ro-RO\",\"potentialAction\":[{\"@type\":\"ReadAction\",\"target\":[\"https:\/\/antenagroup.ro\/ro\/brands-ro\/ana-mi-ai-fost-scrisa-n-adn\"]}]},{\"@type\":\"ImageObject\",\"inLanguage\":\"ro-RO\",\"@id\":\"https:\/\/antenagroup.ro\/ro\/brands-ro\/ana-mi-ai-fost-scrisa-n-adn#primaryimage\",\"url\":\"https:\/\/antenagroup.ro\/wp-content\/uploads\/2025\/08\/ANA_SezonNou_28augustProfilePic_NoTAG.jpg\",\"contentUrl\":\"https:\/\/antenagroup.ro\/wp-content\/uploads\/2025\/08\/ANA_SezonNou_28augustProfilePic_NoTAG.jpg\",\"width\":900,\"height\":900},{\"@type\":\"BreadcrumbList\",\"@id\":\"https:\/\/antenagroup.ro\/ro\/brands-ro\/ana-mi-ai-fost-scrisa-n-adn#breadcrumb\",\"itemListElement\":[{\"@type\":\"ListItem\",\"position\":1,\"name\":\"Prima pagin\u0103\",\"item\":\"https:\/\/antenagroup.ro\/ro\"},{\"@type\":\"ListItem\",\"position\":2,\"name\":\"Brands\",\"item\":\"https:\/\/antenagroup.ro\/ro\/brands-ro\"},{\"@type\":\"ListItem\",\"position\":3,\"name\":\"Ana, Mi-ai fost scris\u0103-n ADN\"}]},{\"@type\":\"WebSite\",\"@id\":\"https:\/\/antenagroup.ro\/ro#website\",\"url\":\"https:\/\/antenagroup.ro\/ro\",\"name\":\"Antena Group - Leading Media & Entertainment in Romania | Antena TV Group\",\"description\":\"\",\"publisher\":{\"@id\":\"https:\/\/antenagroup.ro\/ro#organization\"},\"alternateName\":\"Antena Group\",\"potentialAction\":[{\"@type\":\"SearchAction\",\"target\":{\"@type\":\"EntryPoint\",\"urlTemplate\":\"https:\/\/antenagroup.ro\/ro?s={search_term_string}\"},\"query-input\":{\"@type\":\"PropertyValueSpecification\",\"valueRequired\":true,\"valueName\":\"search_term_string\"}}],\"inLanguage\":\"ro-RO\"},{\"@type\":\"Organization\",\"@id\":\"https:\/\/antenagroup.ro\/ro#organization\",\"name\":\"Antena TV Group\",\"url\":\"https:\/\/antenagroup.ro\/ro\",\"logo\":{\"@type\":\"ImageObject\",\"inLanguage\":\"ro-RO\",\"@id\":\"https:\/\/antenagroup.ro\/ro#\/schema\/logo\/image\/\",\"url\":\"https:\/\/antenagroup.ro\/wp-content\/uploads\/2024\/10\/logo-antenagroup-fb.png\",\"contentUrl\":\"https:\/\/antenagroup.ro\/wp-content\/uploads\/2024\/10\/logo-antenagroup-fb.png\",\"width\":253,\"height\":200,\"caption\":\"Antena TV Group\"},\"image\":{\"@id\":\"https:\/\/antenagroup.ro\/ro#\/schema\/logo\/image\/\"},\"sameAs\":[\"https:\/\/ro.linkedin.com\/company\/antenagroup\"]}]}<\/script>\n<!-- \/ Yoast SEO Premium plugin. -->","yoast_head_json":{"title":"Ana, Mi-ai fost scris\u0103-n ADN - Antena Group - Leading Media &amp; Entertainment in Romania | Antena TV Group","robots":{"index":"index","follow":"follow","max-snippet":"max-snippet:-1","max-image-preview":"max-image-preview:large","max-video-preview":"max-video-preview:-1"},"canonical":"https:\/\/antenagroup.ro\/ro\/brands-ro\/ana-mi-ai-fost-scrisa-n-adn","og_locale":"ro_RO","og_type":"article","og_title":"Ana, Mi-ai fost scris\u0103-n ADN","og_description":"Serial original rom\u00e2nesc, semnat de Ruxandra Ion \u015fi produs de Dream Film Production, Ana, Mi-ai fost scris\u0103-n ADN. Produc\u0163ia aduce \u00een prim plan o poveste emo\u0163ionant\u0103, \u00een care personaje complexe \u0219i puternic conturate \u00ee\u0219i caut\u0103 drumul spre inima privitorului. Protagonista este o t\u00e2n\u0103r\u0103 ambi\u0163ioas\u0103 \u015fi determinat\u0103, abandonat\u0103 la na\u015ftere, care \u00een urma unui test genetic [&hellip;]","og_url":"https:\/\/antenagroup.ro\/ro\/brands-ro\/ana-mi-ai-fost-scrisa-n-adn","og_site_name":"Antena Group - Leading Media &amp; Entertainment in Romania | Antena TV Group","article_modified_time":"2025-08-06T14:05:29+00:00","og_image":[{"width":900,"height":900,"url":"https:\/\/antenagroup.ro\/wp-content\/uploads\/2025\/08\/ANA_SezonNou_28augustProfilePic_NoTAG.jpg","type":"image\/jpeg"}],"twitter_card":"summary_large_image","twitter_misc":{"Timp estimat pentru citire":"1 minut"},"schema":{"@context":"https:\/\/schema.org","@graph":[{"@type":"WebPage","@id":"https:\/\/antenagroup.ro\/ro\/brands-ro\/ana-mi-ai-fost-scrisa-n-adn","url":"https:\/\/antenagroup.ro\/ro\/brands-ro\/ana-mi-ai-fost-scrisa-n-adn","name":"Ana, Mi-ai fost scris\u0103-n ADN - Antena Group - Leading Media &amp; Entertainment in Romania | Antena TV Group","isPartOf":{"@id":"https:\/\/antenagroup.ro\/ro#website"},"primaryImageOfPage":{"@id":"https:\/\/antenagroup.ro\/ro\/brands-ro\/ana-mi-ai-fost-scrisa-n-adn#primaryimage"},"image":{"@id":"https:\/\/antenagroup.ro\/ro\/brands-ro\/ana-mi-ai-fost-scrisa-n-adn#primaryimage"},"thumbnailUrl":"https:\/\/antenagroup.ro\/wp-content\/uploads\/2025\/08\/ANA_SezonNou_28augustProfilePic_NoTAG.jpg","datePublished":"2025-08-06T14:04:12+00:00","dateModified":"2025-08-06T14:05:29+00:00","breadcrumb":{"@id":"https:\/\/antenagroup.ro\/ro\/brands-ro\/ana-mi-ai-fost-scrisa-n-adn#breadcrumb"},"inLanguage":"ro-RO","potentialAction":[{"@type":"ReadAction","target":["https:\/\/antenagroup.ro\/ro\/brands-ro\/ana-mi-ai-fost-scrisa-n-adn"]}]},{"@type":"ImageObject","inLanguage":"ro-RO","@id":"https:\/\/antenagroup.ro\/ro\/brands-ro\/ana-mi-ai-fost-scrisa-n-adn#primaryimage","url":"https:\/\/antenagroup.ro\/wp-content\/uploads\/2025\/08\/ANA_SezonNou_28augustProfilePic_NoTAG.jpg","contentUrl":"https:\/\/antenagroup.ro\/wp-content\/uploads\/2025\/08\/ANA_SezonNou_28augustProfilePic_NoTAG.jpg","width":900,"height":900},{"@type":"BreadcrumbList","@id":"https:\/\/antenagroup.ro\/ro\/brands-ro\/ana-mi-ai-fost-scrisa-n-adn#breadcrumb","itemListElement":[{"@type":"ListItem","position":1,"name":"Prima pagin\u0103","item":"https:\/\/antenagroup.ro\/ro"},{"@type":"ListItem","position":2,"name":"Brands","item":"https:\/\/antenagroup.ro\/ro\/brands-ro"},{"@type":"ListItem","position":3,"name":"Ana, Mi-ai fost scris\u0103-n ADN"}]},{"@type":"WebSite","@id":"https:\/\/antenagroup.ro\/ro#website","url":"https:\/\/antenagroup.ro\/ro","name":"Antena Group - Leading Media & Entertainment in Romania | Antena TV Group","description":"","publisher":{"@id":"https:\/\/antenagroup.ro\/ro#organization"},"alternateName":"Antena Group","potentialAction":[{"@type":"SearchAction","target":{"@type":"EntryPoint","urlTemplate":"https:\/\/antenagroup.ro\/ro?s={search_term_string}"},"query-input":{"@type":"PropertyValueSpecification","valueRequired":true,"valueName":"search_term_string"}}],"inLanguage":"ro-RO"},{"@type":"Organization","@id":"https:\/\/antenagroup.ro\/ro#organization","name":"Antena TV Group","url":"https:\/\/antenagroup.ro\/ro","logo":{"@type":"ImageObject","inLanguage":"ro-RO","@id":"https:\/\/antenagroup.ro\/ro#\/schema\/logo\/image\/","url":"https:\/\/antenagroup.ro\/wp-content\/uploads\/2024\/10\/logo-antenagroup-fb.png","contentUrl":"https:\/\/antenagroup.ro\/wp-content\/uploads\/2024\/10\/logo-antenagroup-fb.png","width":253,"height":200,"caption":"Antena TV Group"},"image":{"@id":"https:\/\/antenagroup.ro\/ro#\/schema\/logo\/image\/"},"sameAs":["https:\/\/ro.linkedin.com\/company\/antenagroup"]}]}},"_links":{"self":[{"href":"https:\/\/antenagroup.ro\/ro\/wp-json\/wp\/v2\/pages\/2027","targetHints":{"allow":["GET"]}}],"collection":[{"href":"https:\/\/antenagroup.ro\/ro\/wp-json\/wp\/v2\/pages"}],"about":[{"href":"https:\/\/antenagroup.ro\/ro\/wp-json\/wp\/v2\/types\/page"}],"author":[{"embeddable":true,"href":"https:\/\/antenagroup.ro\/ro\/wp-json\/wp\/v2\/users\/2"}],"replies":[{"embeddable":true,"href":"https:\/\/antenagroup.ro\/ro\/wp-json\/wp\/v2\/comments?post=2027"}],"version-history":[{"count":1,"href":"https:\/\/antenagroup.ro\/ro\/wp-json\/wp\/v2\/pages\/2027\/revisions"}],"predecessor-version":[{"id":2028,"href":"https:\/\/antenagroup.ro\/ro\/wp-json\/wp\/v2\/pages\/2027\/revisions\/2028"}],"up":[{"embeddable":true,"href":"https:\/\/antenagroup.ro\/ro\/wp-json\/wp\/v2\/pages\/834"}],"wp:featuredmedia":[{"embeddable":true,"href":"https:\/\/antenagroup.ro\/ro\/wp-json\/wp\/v2\/media\/2025"}],"wp:attachment":[{"href":"https:\/\/antenagroup.ro\/ro\/wp-json\/wp\/v2\/media?parent=2027"}],"curies":[{"name":"wp","href":"https:\/\/api.w.org\/{rel}","templated":true}]}}