{"id":830,"date":"2023-11-09T13:17:57","date_gmt":"2023-11-09T11:17:57","guid":{"rendered":"https:\/\/antenagroup.ro\/?page_id=830"},"modified":"2024-10-23T17:40:55","modified_gmt":"2024-10-23T14:40:55","slug":"antena-1","status":"publish","type":"page","link":"https:\/\/antenagroup.ro\/ro\/brands-ro\/antena-1","title":{"rendered":"Antena 1"},"content":{"rendered":"\n<p>Cel mai mare canal TV generalist, parte din Antena Group \u0219i primul canal TV privat lansat \u00een Rom\u00e2nia pe 29 Decembrie 1993. <\/p>\n\n\n\n<p>Antena 1 a f\u0103cut istorie \u00een industria media cu formate originale \u0219i interna\u021bionale, precum: Asia \u0219i America Express, Chefi la cu\u021bite, Insula Iubirii, iUmor, dar \u0219i cu seriale originale rom\u00e2ne\u0219ti care au dep\u0103\u0219it grani\u021bele, precum: Fructul oprit, Adela, Lia. <\/p>\n\n\n\n<p>AZI #Afli #Z\u00e2mbe\u0219ti #Iube\u0219ti<\/p>\n","protected":false},"excerpt":{"rendered":"<p>Cel mai mare canal TV generalist, parte din Antena Group \u0219i primul canal TV privat lansat \u00een Rom\u00e2nia pe 29 Decembrie 1993. Antena 1 a f\u0103cut istorie \u00een industria media cu formate originale \u0219i interna\u021bionale, precum: Asia \u0219i America Express, Chefi la cu\u021bite, Insula Iubirii, iUmor, dar \u0219i cu seriale originale rom\u00e2ne\u0219ti care au dep\u0103\u0219it [&hellip;]<\/p>\n","protected":false},"author":2,"featured_media":633,"parent":834,"menu_order":0,"comment_status":"closed","ping_status":"closed","template":"page-brand.php","meta":{"_acf_changed":false,"footnotes":""},"class_list":["post-830","page","type-page","status-publish","has-post-thumbnail","hentry"],"acf":[],"yoast_head":"<!-- This site is optimized with the Yoast SEO Premium plugin v27.2 (Yoast SEO v27.2) - https:\/\/yoast.com\/product\/yoast-seo-premium-wordpress\/ -->\n<title>Antena 1 - Antena Group - Leading Media &amp; Entertainment in Romania | Antena TV Group<\/title>\n<meta name=\"robots\" content=\"index, follow, max-snippet:-1, max-image-preview:large, max-video-preview:-1\" \/>\n<link rel=\"canonical\" href=\"https:\/\/antenagroup.ro\/ro\/brands-ro\/antena-1\" \/>\n<meta property=\"og:locale\" content=\"ro_RO\" \/>\n<meta property=\"og:type\" content=\"article\" \/>\n<meta property=\"og:title\" content=\"Antena 1\" \/>\n<meta property=\"og:description\" content=\"Cel mai mare canal TV generalist, parte din Antena Group \u0219i primul canal TV privat lansat \u00een Rom\u00e2nia pe 29 Decembrie 1993. Antena 1 a f\u0103cut istorie \u00een industria media cu formate originale \u0219i interna\u021bionale, precum: Asia \u0219i America Express, Chefi la cu\u021bite, Insula Iubirii, iUmor, dar \u0219i cu seriale originale rom\u00e2ne\u0219ti care au dep\u0103\u0219it [&hellip;]\" \/>\n<meta property=\"og:url\" content=\"https:\/\/antenagroup.ro\/ro\/brands-ro\/antena-1\" \/>\n<meta property=\"og:site_name\" content=\"Antena Group - Leading Media &amp; Entertainment in Romania | Antena TV Group\" \/>\n<meta property=\"article:modified_time\" content=\"2024-10-23T14:40:55+00:00\" \/>\n<meta property=\"og:image\" content=\"https:\/\/antenagroup.ro\/wp-content\/uploads\/2023\/11\/logo_A1.png\" \/>\n\t<meta property=\"og:image:width\" content=\"946\" \/>\n\t<meta property=\"og:image:height\" content=\"1125\" \/>\n\t<meta property=\"og:image:type\" content=\"image\/png\" \/>\n<meta name=\"twitter:card\" content=\"summary_large_image\" \/>\n<meta name=\"twitter:label1\" content=\"Timp estimat pentru citire\" \/>\n\t<meta name=\"twitter:data1\" content=\"1 minut\" \/>\n<script type=\"application\/ld+json\" class=\"yoast-schema-graph\">{\"@context\":\"https:\/\/schema.org\",\"@graph\":[{\"@type\":\"WebPage\",\"@id\":\"https:\/\/antenagroup.ro\/ro\/brands-ro\/antena-1\",\"url\":\"https:\/\/antenagroup.ro\/ro\/brands-ro\/antena-1\",\"name\":\"Antena 1 - Antena Group - Leading Media &amp; Entertainment in Romania | Antena TV Group\",\"isPartOf\":{\"@id\":\"https:\/\/antenagroup.ro\/ro#website\"},\"primaryImageOfPage\":{\"@id\":\"https:\/\/antenagroup.ro\/ro\/brands-ro\/antena-1#primaryimage\"},\"image\":{\"@id\":\"https:\/\/antenagroup.ro\/ro\/brands-ro\/antena-1#primaryimage\"},\"thumbnailUrl\":\"https:\/\/antenagroup.ro\/wp-content\/uploads\/2023\/11\/logo_A1.png\",\"datePublished\":\"2023-11-09T11:17:57+00:00\",\"dateModified\":\"2024-10-23T14:40:55+00:00\",\"breadcrumb\":{\"@id\":\"https:\/\/antenagroup.ro\/ro\/brands-ro\/antena-1#breadcrumb\"},\"inLanguage\":\"ro-RO\",\"potentialAction\":[{\"@type\":\"ReadAction\",\"target\":[\"https:\/\/antenagroup.ro\/ro\/brands-ro\/antena-1\"]}]},{\"@type\":\"ImageObject\",\"inLanguage\":\"ro-RO\",\"@id\":\"https:\/\/antenagroup.ro\/ro\/brands-ro\/antena-1#primaryimage\",\"url\":\"https:\/\/antenagroup.ro\/wp-content\/uploads\/2023\/11\/logo_A1.png\",\"contentUrl\":\"https:\/\/antenagroup.ro\/wp-content\/uploads\/2023\/11\/logo_A1.png\",\"width\":946,\"height\":1125},{\"@type\":\"BreadcrumbList\",\"@id\":\"https:\/\/antenagroup.ro\/ro\/brands-ro\/antena-1#breadcrumb\",\"itemListElement\":[{\"@type\":\"ListItem\",\"position\":1,\"name\":\"Prima pagin\u0103\",\"item\":\"https:\/\/antenagroup.ro\/ro\"},{\"@type\":\"ListItem\",\"position\":2,\"name\":\"Brands\",\"item\":\"https:\/\/antenagroup.ro\/ro\/brands-ro\"},{\"@type\":\"ListItem\",\"position\":3,\"name\":\"Antena 1\"}]},{\"@type\":\"WebSite\",\"@id\":\"https:\/\/antenagroup.ro\/ro#website\",\"url\":\"https:\/\/antenagroup.ro\/ro\",\"name\":\"Antena Group - Leading Media & Entertainment in Romania | Antena TV Group\",\"description\":\"\",\"publisher\":{\"@id\":\"https:\/\/antenagroup.ro\/ro#organization\"},\"alternateName\":\"Antena Group\",\"potentialAction\":[{\"@type\":\"SearchAction\",\"target\":{\"@type\":\"EntryPoint\",\"urlTemplate\":\"https:\/\/antenagroup.ro\/ro?s={search_term_string}\"},\"query-input\":{\"@type\":\"PropertyValueSpecification\",\"valueRequired\":true,\"valueName\":\"search_term_string\"}}],\"inLanguage\":\"ro-RO\"},{\"@type\":\"Organization\",\"@id\":\"https:\/\/antenagroup.ro\/ro#organization\",\"name\":\"Antena TV Group\",\"url\":\"https:\/\/antenagroup.ro\/ro\",\"logo\":{\"@type\":\"ImageObject\",\"inLanguage\":\"ro-RO\",\"@id\":\"https:\/\/antenagroup.ro\/ro#\/schema\/logo\/image\/\",\"url\":\"https:\/\/antenagroup.ro\/wp-content\/uploads\/2024\/10\/logo-antenagroup-fb.png\",\"contentUrl\":\"https:\/\/antenagroup.ro\/wp-content\/uploads\/2024\/10\/logo-antenagroup-fb.png\",\"width\":253,\"height\":200,\"caption\":\"Antena TV Group\"},\"image\":{\"@id\":\"https:\/\/antenagroup.ro\/ro#\/schema\/logo\/image\/\"},\"sameAs\":[\"https:\/\/ro.linkedin.com\/company\/antenagroup\"]}]}<\/script>\n<!-- \/ Yoast SEO Premium plugin. -->","yoast_head_json":{"title":"Antena 1 - Antena Group - Leading Media &amp; Entertainment in Romania | Antena TV Group","robots":{"index":"index","follow":"follow","max-snippet":"max-snippet:-1","max-image-preview":"max-image-preview:large","max-video-preview":"max-video-preview:-1"},"canonical":"https:\/\/antenagroup.ro\/ro\/brands-ro\/antena-1","og_locale":"ro_RO","og_type":"article","og_title":"Antena 1","og_description":"Cel mai mare canal TV generalist, parte din Antena Group \u0219i primul canal TV privat lansat \u00een Rom\u00e2nia pe 29 Decembrie 1993. Antena 1 a f\u0103cut istorie \u00een industria media cu formate originale \u0219i interna\u021bionale, precum: Asia \u0219i America Express, Chefi la cu\u021bite, Insula Iubirii, iUmor, dar \u0219i cu seriale originale rom\u00e2ne\u0219ti care au dep\u0103\u0219it [&hellip;]","og_url":"https:\/\/antenagroup.ro\/ro\/brands-ro\/antena-1","og_site_name":"Antena Group - Leading Media &amp; Entertainment in Romania | Antena TV Group","article_modified_time":"2024-10-23T14:40:55+00:00","og_image":[{"width":946,"height":1125,"url":"https:\/\/antenagroup.ro\/wp-content\/uploads\/2023\/11\/logo_A1.png","type":"image\/png"}],"twitter_card":"summary_large_image","twitter_misc":{"Timp estimat pentru citire":"1 minut"},"schema":{"@context":"https:\/\/schema.org","@graph":[{"@type":"WebPage","@id":"https:\/\/antenagroup.ro\/ro\/brands-ro\/antena-1","url":"https:\/\/antenagroup.ro\/ro\/brands-ro\/antena-1","name":"Antena 1 - Antena Group - Leading Media &amp; Entertainment in Romania | Antena TV Group","isPartOf":{"@id":"https:\/\/antenagroup.ro\/ro#website"},"primaryImageOfPage":{"@id":"https:\/\/antenagroup.ro\/ro\/brands-ro\/antena-1#primaryimage"},"image":{"@id":"https:\/\/antenagroup.ro\/ro\/brands-ro\/antena-1#primaryimage"},"thumbnailUrl":"https:\/\/antenagroup.ro\/wp-content\/uploads\/2023\/11\/logo_A1.png","datePublished":"2023-11-09T11:17:57+00:00","dateModified":"2024-10-23T14:40:55+00:00","breadcrumb":{"@id":"https:\/\/antenagroup.ro\/ro\/brands-ro\/antena-1#breadcrumb"},"inLanguage":"ro-RO","potentialAction":[{"@type":"ReadAction","target":["https:\/\/antenagroup.ro\/ro\/brands-ro\/antena-1"]}]},{"@type":"ImageObject","inLanguage":"ro-RO","@id":"https:\/\/antenagroup.ro\/ro\/brands-ro\/antena-1#primaryimage","url":"https:\/\/antenagroup.ro\/wp-content\/uploads\/2023\/11\/logo_A1.png","contentUrl":"https:\/\/antenagroup.ro\/wp-content\/uploads\/2023\/11\/logo_A1.png","width":946,"height":1125},{"@type":"BreadcrumbList","@id":"https:\/\/antenagroup.ro\/ro\/brands-ro\/antena-1#breadcrumb","itemListElement":[{"@type":"ListItem","position":1,"name":"Prima pagin\u0103","item":"https:\/\/antenagroup.ro\/ro"},{"@type":"ListItem","position":2,"name":"Brands","item":"https:\/\/antenagroup.ro\/ro\/brands-ro"},{"@type":"ListItem","position":3,"name":"Antena 1"}]},{"@type":"WebSite","@id":"https:\/\/antenagroup.ro\/ro#website","url":"https:\/\/antenagroup.ro\/ro","name":"Antena Group - Leading Media & Entertainment in Romania | Antena TV Group","description":"","publisher":{"@id":"https:\/\/antenagroup.ro\/ro#organization"},"alternateName":"Antena Group","potentialAction":[{"@type":"SearchAction","target":{"@type":"EntryPoint","urlTemplate":"https:\/\/antenagroup.ro\/ro?s={search_term_string}"},"query-input":{"@type":"PropertyValueSpecification","valueRequired":true,"valueName":"search_term_string"}}],"inLanguage":"ro-RO"},{"@type":"Organization","@id":"https:\/\/antenagroup.ro\/ro#organization","name":"Antena TV Group","url":"https:\/\/antenagroup.ro\/ro","logo":{"@type":"ImageObject","inLanguage":"ro-RO","@id":"https:\/\/antenagroup.ro\/ro#\/schema\/logo\/image\/","url":"https:\/\/antenagroup.ro\/wp-content\/uploads\/2024\/10\/logo-antenagroup-fb.png","contentUrl":"https:\/\/antenagroup.ro\/wp-content\/uploads\/2024\/10\/logo-antenagroup-fb.png","width":253,"height":200,"caption":"Antena TV Group"},"image":{"@id":"https:\/\/antenagroup.ro\/ro#\/schema\/logo\/image\/"},"sameAs":["https:\/\/ro.linkedin.com\/company\/antenagroup"]}]}},"_links":{"self":[{"href":"https:\/\/antenagroup.ro\/ro\/wp-json\/wp\/v2\/pages\/830","targetHints":{"allow":["GET"]}}],"collection":[{"href":"https:\/\/antenagroup.ro\/ro\/wp-json\/wp\/v2\/pages"}],"about":[{"href":"https:\/\/antenagroup.ro\/ro\/wp-json\/wp\/v2\/types\/page"}],"author":[{"embeddable":true,"href":"https:\/\/antenagroup.ro\/ro\/wp-json\/wp\/v2\/users\/2"}],"replies":[{"embeddable":true,"href":"https:\/\/antenagroup.ro\/ro\/wp-json\/wp\/v2\/comments?post=830"}],"version-history":[{"count":0,"href":"https:\/\/antenagroup.ro\/ro\/wp-json\/wp\/v2\/pages\/830\/revisions"}],"up":[{"embeddable":true,"href":"https:\/\/antenagroup.ro\/ro\/wp-json\/wp\/v2\/pages\/834"}],"wp:featuredmedia":[{"embeddable":true,"href":"https:\/\/antenagroup.ro\/ro\/wp-json\/wp\/v2\/media\/633"}],"wp:attachment":[{"href":"https:\/\/antenagroup.ro\/ro\/wp-json\/wp\/v2\/media?parent=830"}],"curies":[{"name":"wp","href":"https:\/\/api.w.org\/{rel}","templated":true}]}}