{"id":875,"date":"2023-11-09T13:41:27","date_gmt":"2023-11-09T11:41:27","guid":{"rendered":"https:\/\/antenagroup.ro\/?page_id=875"},"modified":"2024-10-21T17:11:21","modified_gmt":"2024-10-21T14:11:21","slug":"hello-chef","status":"publish","type":"page","link":"https:\/\/antenagroup.ro\/ro\/brands-ro\/hello-chef","title":{"rendered":"Hello Chef"},"content":{"rendered":"\n<p>Emisiunea de g\u0103tit pentru o dup\u0103 amiaz\u0103 de weekend, de pe Antena 1. <\/p>\n\n\n\n<p>Un format original, unde 2 chefi g\u0103tesc pentru c\u00e2te un invitat \u00een fiecare edi\u021bie. Competi\u021bia dintre un francez \u0219i o rom\u00e2nc\u0103, aduce fa\u021b\u0103 \u00een fa\u021b\u0103 buc\u0103t\u0103ria fran\u021buzeasc\u0103 \u0219i cea rom\u00e2neasc\u0103.<\/p>\n","protected":false},"excerpt":{"rendered":"<p>Emisiunea de g\u0103tit pentru o dup\u0103 amiaz\u0103 de weekend, de pe Antena 1. Un format original, unde 2 chefi g\u0103tesc pentru c\u00e2te un invitat \u00een fiecare edi\u021bie. Competi\u021bia dintre un francez \u0219i o rom\u00e2nc\u0103, aduce fa\u021b\u0103 \u00een fa\u021b\u0103 buc\u0103t\u0103ria fran\u021buzeasc\u0103 \u0219i cea rom\u00e2neasc\u0103.<\/p>\n","protected":false},"author":2,"featured_media":1210,"parent":834,"menu_order":0,"comment_status":"closed","ping_status":"closed","template":"page-brand.php","meta":{"_acf_changed":false,"footnotes":""},"class_list":["post-875","page","type-page","status-publish","has-post-thumbnail","hentry"],"acf":[],"yoast_head":"<!-- This site is optimized with the Yoast SEO Premium plugin v27.2 (Yoast SEO v27.2) - https:\/\/yoast.com\/product\/yoast-seo-premium-wordpress\/ -->\n<title>Hello Chef - Antena Group - Leading Media &amp; Entertainment in Romania | Antena TV Group<\/title>\n<meta name=\"robots\" content=\"index, follow, max-snippet:-1, max-image-preview:large, max-video-preview:-1\" \/>\n<link rel=\"canonical\" href=\"https:\/\/antenagroup.ro\/ro\/brands-ro\/hello-chef\" \/>\n<meta property=\"og:locale\" content=\"ro_RO\" \/>\n<meta property=\"og:type\" content=\"article\" \/>\n<meta property=\"og:title\" content=\"Hello Chef\" \/>\n<meta property=\"og:description\" content=\"Emisiunea de g\u0103tit pentru o dup\u0103 amiaz\u0103 de weekend, de pe Antena 1. Un format original, unde 2 chefi g\u0103tesc pentru c\u00e2te un invitat \u00een fiecare edi\u021bie. Competi\u021bia dintre un francez \u0219i o rom\u00e2nc\u0103, aduce fa\u021b\u0103 \u00een fa\u021b\u0103 buc\u0103t\u0103ria fran\u021buzeasc\u0103 \u0219i cea rom\u00e2neasc\u0103.\" \/>\n<meta property=\"og:url\" content=\"https:\/\/antenagroup.ro\/ro\/brands-ro\/hello-chef\" \/>\n<meta property=\"og:site_name\" content=\"Antena Group - Leading Media &amp; Entertainment in Romania | Antena TV Group\" \/>\n<meta property=\"article:modified_time\" content=\"2024-10-21T14:11:21+00:00\" \/>\n<meta property=\"og:image\" content=\"https:\/\/antenagroup.ro\/wp-content\/uploads\/2023\/11\/logoHelloChef.png\" \/>\n\t<meta property=\"og:image:width\" content=\"1605\" \/>\n\t<meta property=\"og:image:height\" content=\"760\" \/>\n\t<meta property=\"og:image:type\" content=\"image\/png\" \/>\n<meta name=\"twitter:card\" content=\"summary_large_image\" \/>\n<meta name=\"twitter:label1\" content=\"Timp estimat pentru citire\" \/>\n\t<meta name=\"twitter:data1\" content=\"1 minut\" \/>\n<script type=\"application\/ld+json\" class=\"yoast-schema-graph\">{\"@context\":\"https:\/\/schema.org\",\"@graph\":[{\"@type\":\"WebPage\",\"@id\":\"https:\/\/antenagroup.ro\/ro\/brands-ro\/hello-chef\",\"url\":\"https:\/\/antenagroup.ro\/ro\/brands-ro\/hello-chef\",\"name\":\"Hello Chef - Antena Group - Leading Media &amp; Entertainment in Romania | Antena TV Group\",\"isPartOf\":{\"@id\":\"https:\/\/antenagroup.ro\/ro#website\"},\"primaryImageOfPage\":{\"@id\":\"https:\/\/antenagroup.ro\/ro\/brands-ro\/hello-chef#primaryimage\"},\"image\":{\"@id\":\"https:\/\/antenagroup.ro\/ro\/brands-ro\/hello-chef#primaryimage\"},\"thumbnailUrl\":\"https:\/\/antenagroup.ro\/wp-content\/uploads\/2024\/11\/hello-chef-color-new.png\",\"datePublished\":\"2023-11-09T11:41:27+00:00\",\"dateModified\":\"2024-10-21T14:11:21+00:00\",\"breadcrumb\":{\"@id\":\"https:\/\/antenagroup.ro\/ro\/brands-ro\/hello-chef#breadcrumb\"},\"inLanguage\":\"ro-RO\",\"potentialAction\":[{\"@type\":\"ReadAction\",\"target\":[\"https:\/\/antenagroup.ro\/ro\/brands-ro\/hello-chef\"]}]},{\"@type\":\"ImageObject\",\"inLanguage\":\"ro-RO\",\"@id\":\"https:\/\/antenagroup.ro\/ro\/brands-ro\/hello-chef#primaryimage\",\"url\":\"https:\/\/antenagroup.ro\/wp-content\/uploads\/2024\/11\/hello-chef-color-new.png\",\"contentUrl\":\"https:\/\/antenagroup.ro\/wp-content\/uploads\/2024\/11\/hello-chef-color-new.png\",\"width\":800,\"height\":813,\"caption\":\"Hello Chef\"},{\"@type\":\"BreadcrumbList\",\"@id\":\"https:\/\/antenagroup.ro\/ro\/brands-ro\/hello-chef#breadcrumb\",\"itemListElement\":[{\"@type\":\"ListItem\",\"position\":1,\"name\":\"Prima pagin\u0103\",\"item\":\"https:\/\/antenagroup.ro\/ro\"},{\"@type\":\"ListItem\",\"position\":2,\"name\":\"Brands\",\"item\":\"https:\/\/antenagroup.ro\/ro\/brands-ro\"},{\"@type\":\"ListItem\",\"position\":3,\"name\":\"Hello Chef\"}]},{\"@type\":\"WebSite\",\"@id\":\"https:\/\/antenagroup.ro\/ro#website\",\"url\":\"https:\/\/antenagroup.ro\/ro\",\"name\":\"Antena Group - Leading Media & Entertainment in Romania | Antena TV Group\",\"description\":\"\",\"publisher\":{\"@id\":\"https:\/\/antenagroup.ro\/ro#organization\"},\"alternateName\":\"Antena Group\",\"potentialAction\":[{\"@type\":\"SearchAction\",\"target\":{\"@type\":\"EntryPoint\",\"urlTemplate\":\"https:\/\/antenagroup.ro\/ro?s={search_term_string}\"},\"query-input\":{\"@type\":\"PropertyValueSpecification\",\"valueRequired\":true,\"valueName\":\"search_term_string\"}}],\"inLanguage\":\"ro-RO\"},{\"@type\":\"Organization\",\"@id\":\"https:\/\/antenagroup.ro\/ro#organization\",\"name\":\"Antena TV Group\",\"url\":\"https:\/\/antenagroup.ro\/ro\",\"logo\":{\"@type\":\"ImageObject\",\"inLanguage\":\"ro-RO\",\"@id\":\"https:\/\/antenagroup.ro\/ro#\/schema\/logo\/image\/\",\"url\":\"https:\/\/antenagroup.ro\/wp-content\/uploads\/2024\/10\/logo-antenagroup-fb.png\",\"contentUrl\":\"https:\/\/antenagroup.ro\/wp-content\/uploads\/2024\/10\/logo-antenagroup-fb.png\",\"width\":253,\"height\":200,\"caption\":\"Antena TV Group\"},\"image\":{\"@id\":\"https:\/\/antenagroup.ro\/ro#\/schema\/logo\/image\/\"},\"sameAs\":[\"https:\/\/ro.linkedin.com\/company\/antenagroup\"]}]}<\/script>\n<!-- \/ Yoast SEO Premium plugin. -->","yoast_head_json":{"title":"Hello Chef - Antena Group - Leading Media &amp; Entertainment in Romania | Antena TV Group","robots":{"index":"index","follow":"follow","max-snippet":"max-snippet:-1","max-image-preview":"max-image-preview:large","max-video-preview":"max-video-preview:-1"},"canonical":"https:\/\/antenagroup.ro\/ro\/brands-ro\/hello-chef","og_locale":"ro_RO","og_type":"article","og_title":"Hello Chef","og_description":"Emisiunea de g\u0103tit pentru o dup\u0103 amiaz\u0103 de weekend, de pe Antena 1. Un format original, unde 2 chefi g\u0103tesc pentru c\u00e2te un invitat \u00een fiecare edi\u021bie. Competi\u021bia dintre un francez \u0219i o rom\u00e2nc\u0103, aduce fa\u021b\u0103 \u00een fa\u021b\u0103 buc\u0103t\u0103ria fran\u021buzeasc\u0103 \u0219i cea rom\u00e2neasc\u0103.","og_url":"https:\/\/antenagroup.ro\/ro\/brands-ro\/hello-chef","og_site_name":"Antena Group - Leading Media &amp; Entertainment in Romania | Antena TV Group","article_modified_time":"2024-10-21T14:11:21+00:00","og_image":[{"width":1605,"height":760,"url":"https:\/\/antenagroup.ro\/wp-content\/uploads\/2023\/11\/logoHelloChef.png","type":"image\/png"}],"twitter_card":"summary_large_image","twitter_misc":{"Timp estimat pentru citire":"1 minut"},"schema":{"@context":"https:\/\/schema.org","@graph":[{"@type":"WebPage","@id":"https:\/\/antenagroup.ro\/ro\/brands-ro\/hello-chef","url":"https:\/\/antenagroup.ro\/ro\/brands-ro\/hello-chef","name":"Hello Chef - Antena Group - Leading Media &amp; Entertainment in Romania | Antena TV Group","isPartOf":{"@id":"https:\/\/antenagroup.ro\/ro#website"},"primaryImageOfPage":{"@id":"https:\/\/antenagroup.ro\/ro\/brands-ro\/hello-chef#primaryimage"},"image":{"@id":"https:\/\/antenagroup.ro\/ro\/brands-ro\/hello-chef#primaryimage"},"thumbnailUrl":"https:\/\/antenagroup.ro\/wp-content\/uploads\/2024\/11\/hello-chef-color-new.png","datePublished":"2023-11-09T11:41:27+00:00","dateModified":"2024-10-21T14:11:21+00:00","breadcrumb":{"@id":"https:\/\/antenagroup.ro\/ro\/brands-ro\/hello-chef#breadcrumb"},"inLanguage":"ro-RO","potentialAction":[{"@type":"ReadAction","target":["https:\/\/antenagroup.ro\/ro\/brands-ro\/hello-chef"]}]},{"@type":"ImageObject","inLanguage":"ro-RO","@id":"https:\/\/antenagroup.ro\/ro\/brands-ro\/hello-chef#primaryimage","url":"https:\/\/antenagroup.ro\/wp-content\/uploads\/2024\/11\/hello-chef-color-new.png","contentUrl":"https:\/\/antenagroup.ro\/wp-content\/uploads\/2024\/11\/hello-chef-color-new.png","width":800,"height":813,"caption":"Hello Chef"},{"@type":"BreadcrumbList","@id":"https:\/\/antenagroup.ro\/ro\/brands-ro\/hello-chef#breadcrumb","itemListElement":[{"@type":"ListItem","position":1,"name":"Prima pagin\u0103","item":"https:\/\/antenagroup.ro\/ro"},{"@type":"ListItem","position":2,"name":"Brands","item":"https:\/\/antenagroup.ro\/ro\/brands-ro"},{"@type":"ListItem","position":3,"name":"Hello Chef"}]},{"@type":"WebSite","@id":"https:\/\/antenagroup.ro\/ro#website","url":"https:\/\/antenagroup.ro\/ro","name":"Antena Group - Leading Media & Entertainment in Romania | Antena TV Group","description":"","publisher":{"@id":"https:\/\/antenagroup.ro\/ro#organization"},"alternateName":"Antena Group","potentialAction":[{"@type":"SearchAction","target":{"@type":"EntryPoint","urlTemplate":"https:\/\/antenagroup.ro\/ro?s={search_term_string}"},"query-input":{"@type":"PropertyValueSpecification","valueRequired":true,"valueName":"search_term_string"}}],"inLanguage":"ro-RO"},{"@type":"Organization","@id":"https:\/\/antenagroup.ro\/ro#organization","name":"Antena TV Group","url":"https:\/\/antenagroup.ro\/ro","logo":{"@type":"ImageObject","inLanguage":"ro-RO","@id":"https:\/\/antenagroup.ro\/ro#\/schema\/logo\/image\/","url":"https:\/\/antenagroup.ro\/wp-content\/uploads\/2024\/10\/logo-antenagroup-fb.png","contentUrl":"https:\/\/antenagroup.ro\/wp-content\/uploads\/2024\/10\/logo-antenagroup-fb.png","width":253,"height":200,"caption":"Antena TV Group"},"image":{"@id":"https:\/\/antenagroup.ro\/ro#\/schema\/logo\/image\/"},"sameAs":["https:\/\/ro.linkedin.com\/company\/antenagroup"]}]}},"_links":{"self":[{"href":"https:\/\/antenagroup.ro\/ro\/wp-json\/wp\/v2\/pages\/875","targetHints":{"allow":["GET"]}}],"collection":[{"href":"https:\/\/antenagroup.ro\/ro\/wp-json\/wp\/v2\/pages"}],"about":[{"href":"https:\/\/antenagroup.ro\/ro\/wp-json\/wp\/v2\/types\/page"}],"author":[{"embeddable":true,"href":"https:\/\/antenagroup.ro\/ro\/wp-json\/wp\/v2\/users\/2"}],"replies":[{"embeddable":true,"href":"https:\/\/antenagroup.ro\/ro\/wp-json\/wp\/v2\/comments?post=875"}],"version-history":[{"count":0,"href":"https:\/\/antenagroup.ro\/ro\/wp-json\/wp\/v2\/pages\/875\/revisions"}],"up":[{"embeddable":true,"href":"https:\/\/antenagroup.ro\/ro\/wp-json\/wp\/v2\/pages\/834"}],"wp:featuredmedia":[{"embeddable":true,"href":"https:\/\/antenagroup.ro\/ro\/wp-json\/wp\/v2\/media\/1210"}],"wp:attachment":[{"href":"https:\/\/antenagroup.ro\/ro\/wp-json\/wp\/v2\/media?parent=875"}],"curies":[{"name":"wp","href":"https:\/\/api.w.org\/{rel}","templated":true}]}}