{"id":878,"date":"2023-11-09T13:49:07","date_gmt":"2023-11-09T11:49:07","guid":{"rendered":"https:\/\/antenagroup.ro\/?page_id=878"},"modified":"2024-10-21T17:12:18","modified_gmt":"2024-10-21T14:12:18","slug":"insula-iubirii","status":"publish","type":"page","link":"https:\/\/antenagroup.ro\/ro\/brands-ro\/insula-iubirii","title":{"rendered":"Insula Iubirii"},"content":{"rendered":"\n<p>Reality show-ul fenomen, care supune 5 cupluri la testul suprem al fidelit\u0103\u021bii pe Insula Iubirii. <\/p>\n\n\n\n<p>10 ispite fete \u0219i 10 ispite b\u0103ie\u021bi au rolul de a testa cuplurile timp de 21 de zile, \u00een timp ce camerele de filmat \u00eei p\u00e2ndesc din orice colt. <\/p>\n\n\n\n<p>Cine iube\u0219te nu las\u0103!<\/p>\n","protected":false},"excerpt":{"rendered":"<p>Reality show-ul fenomen, care supune 5 cupluri la testul suprem al fidelit\u0103\u021bii pe Insula Iubirii. 10 ispite fete \u0219i 10 ispite b\u0103ie\u021bi au rolul de a testa cuplurile timp de 21 de zile, \u00een timp ce camerele de filmat \u00eei p\u00e2ndesc din orice colt. Cine iube\u0219te nu las\u0103!<\/p>\n","protected":false},"author":2,"featured_media":648,"parent":834,"menu_order":0,"comment_status":"closed","ping_status":"closed","template":"page-brand.php","meta":{"_acf_changed":false,"footnotes":""},"class_list":["post-878","page","type-page","status-publish","has-post-thumbnail","hentry"],"acf":[],"yoast_head":"<!-- This site is optimized with the Yoast SEO Premium plugin v27.2 (Yoast SEO v27.2) - https:\/\/yoast.com\/product\/yoast-seo-premium-wordpress\/ -->\n<title>Insula Iubirii - Antena Group - Leading Media &amp; Entertainment in Romania | Antena TV Group<\/title>\n<meta name=\"robots\" content=\"index, follow, max-snippet:-1, max-image-preview:large, max-video-preview:-1\" \/>\n<link rel=\"canonical\" href=\"https:\/\/antenagroup.ro\/ro\/brands-ro\/insula-iubirii\" \/>\n<meta property=\"og:locale\" content=\"ro_RO\" \/>\n<meta property=\"og:type\" content=\"article\" \/>\n<meta property=\"og:title\" content=\"Insula Iubirii\" \/>\n<meta property=\"og:description\" content=\"Reality show-ul fenomen, care supune 5 cupluri la testul suprem al fidelit\u0103\u021bii pe Insula Iubirii. 10 ispite fete \u0219i 10 ispite b\u0103ie\u021bi au rolul de a testa cuplurile timp de 21 de zile, \u00een timp ce camerele de filmat \u00eei p\u00e2ndesc din orice colt. Cine iube\u0219te nu las\u0103!\" \/>\n<meta property=\"og:url\" content=\"https:\/\/antenagroup.ro\/ro\/brands-ro\/insula-iubirii\" \/>\n<meta property=\"og:site_name\" content=\"Antena Group - Leading Media &amp; Entertainment in Romania | Antena TV Group\" \/>\n<meta property=\"article:modified_time\" content=\"2024-10-21T14:12:18+00:00\" \/>\n<meta property=\"og:image\" content=\"https:\/\/antenagroup.ro\/wp-content\/uploads\/2023\/11\/logo_insula.png\" \/>\n\t<meta property=\"og:image:width\" content=\"894\" \/>\n\t<meta property=\"og:image:height\" content=\"507\" \/>\n\t<meta property=\"og:image:type\" content=\"image\/png\" \/>\n<meta name=\"twitter:card\" content=\"summary_large_image\" \/>\n<meta name=\"twitter:label1\" content=\"Timp estimat pentru citire\" \/>\n\t<meta name=\"twitter:data1\" content=\"1 minut\" \/>\n<script type=\"application\/ld+json\" class=\"yoast-schema-graph\">{\"@context\":\"https:\/\/schema.org\",\"@graph\":[{\"@type\":\"WebPage\",\"@id\":\"https:\/\/antenagroup.ro\/ro\/brands-ro\/insula-iubirii\",\"url\":\"https:\/\/antenagroup.ro\/ro\/brands-ro\/insula-iubirii\",\"name\":\"Insula Iubirii - Antena Group - Leading Media &amp; Entertainment in Romania | Antena TV Group\",\"isPartOf\":{\"@id\":\"https:\/\/antenagroup.ro\/ro#website\"},\"primaryImageOfPage\":{\"@id\":\"https:\/\/antenagroup.ro\/ro\/brands-ro\/insula-iubirii#primaryimage\"},\"image\":{\"@id\":\"https:\/\/antenagroup.ro\/ro\/brands-ro\/insula-iubirii#primaryimage\"},\"thumbnailUrl\":\"https:\/\/antenagroup.ro\/wp-content\/uploads\/2023\/11\/logo_insula.png\",\"datePublished\":\"2023-11-09T11:49:07+00:00\",\"dateModified\":\"2024-10-21T14:12:18+00:00\",\"breadcrumb\":{\"@id\":\"https:\/\/antenagroup.ro\/ro\/brands-ro\/insula-iubirii#breadcrumb\"},\"inLanguage\":\"ro-RO\",\"potentialAction\":[{\"@type\":\"ReadAction\",\"target\":[\"https:\/\/antenagroup.ro\/ro\/brands-ro\/insula-iubirii\"]}]},{\"@type\":\"ImageObject\",\"inLanguage\":\"ro-RO\",\"@id\":\"https:\/\/antenagroup.ro\/ro\/brands-ro\/insula-iubirii#primaryimage\",\"url\":\"https:\/\/antenagroup.ro\/wp-content\/uploads\/2023\/11\/logo_insula.png\",\"contentUrl\":\"https:\/\/antenagroup.ro\/wp-content\/uploads\/2023\/11\/logo_insula.png\",\"width\":894,\"height\":507},{\"@type\":\"BreadcrumbList\",\"@id\":\"https:\/\/antenagroup.ro\/ro\/brands-ro\/insula-iubirii#breadcrumb\",\"itemListElement\":[{\"@type\":\"ListItem\",\"position\":1,\"name\":\"Prima pagin\u0103\",\"item\":\"https:\/\/antenagroup.ro\/ro\"},{\"@type\":\"ListItem\",\"position\":2,\"name\":\"Brands\",\"item\":\"https:\/\/antenagroup.ro\/ro\/brands-ro\"},{\"@type\":\"ListItem\",\"position\":3,\"name\":\"Insula Iubirii\"}]},{\"@type\":\"WebSite\",\"@id\":\"https:\/\/antenagroup.ro\/ro#website\",\"url\":\"https:\/\/antenagroup.ro\/ro\",\"name\":\"Antena Group - Leading Media & Entertainment in Romania | Antena TV Group\",\"description\":\"\",\"publisher\":{\"@id\":\"https:\/\/antenagroup.ro\/ro#organization\"},\"alternateName\":\"Antena Group\",\"potentialAction\":[{\"@type\":\"SearchAction\",\"target\":{\"@type\":\"EntryPoint\",\"urlTemplate\":\"https:\/\/antenagroup.ro\/ro?s={search_term_string}\"},\"query-input\":{\"@type\":\"PropertyValueSpecification\",\"valueRequired\":true,\"valueName\":\"search_term_string\"}}],\"inLanguage\":\"ro-RO\"},{\"@type\":\"Organization\",\"@id\":\"https:\/\/antenagroup.ro\/ro#organization\",\"name\":\"Antena TV Group\",\"url\":\"https:\/\/antenagroup.ro\/ro\",\"logo\":{\"@type\":\"ImageObject\",\"inLanguage\":\"ro-RO\",\"@id\":\"https:\/\/antenagroup.ro\/ro#\/schema\/logo\/image\/\",\"url\":\"https:\/\/antenagroup.ro\/wp-content\/uploads\/2024\/10\/logo-antenagroup-fb.png\",\"contentUrl\":\"https:\/\/antenagroup.ro\/wp-content\/uploads\/2024\/10\/logo-antenagroup-fb.png\",\"width\":253,\"height\":200,\"caption\":\"Antena TV Group\"},\"image\":{\"@id\":\"https:\/\/antenagroup.ro\/ro#\/schema\/logo\/image\/\"},\"sameAs\":[\"https:\/\/ro.linkedin.com\/company\/antenagroup\"]}]}<\/script>\n<!-- \/ Yoast SEO Premium plugin. -->","yoast_head_json":{"title":"Insula Iubirii - Antena Group - Leading Media &amp; Entertainment in Romania | Antena TV Group","robots":{"index":"index","follow":"follow","max-snippet":"max-snippet:-1","max-image-preview":"max-image-preview:large","max-video-preview":"max-video-preview:-1"},"canonical":"https:\/\/antenagroup.ro\/ro\/brands-ro\/insula-iubirii","og_locale":"ro_RO","og_type":"article","og_title":"Insula Iubirii","og_description":"Reality show-ul fenomen, care supune 5 cupluri la testul suprem al fidelit\u0103\u021bii pe Insula Iubirii. 10 ispite fete \u0219i 10 ispite b\u0103ie\u021bi au rolul de a testa cuplurile timp de 21 de zile, \u00een timp ce camerele de filmat \u00eei p\u00e2ndesc din orice colt. Cine iube\u0219te nu las\u0103!","og_url":"https:\/\/antenagroup.ro\/ro\/brands-ro\/insula-iubirii","og_site_name":"Antena Group - Leading Media &amp; Entertainment in Romania | Antena TV Group","article_modified_time":"2024-10-21T14:12:18+00:00","og_image":[{"width":894,"height":507,"url":"https:\/\/antenagroup.ro\/wp-content\/uploads\/2023\/11\/logo_insula.png","type":"image\/png"}],"twitter_card":"summary_large_image","twitter_misc":{"Timp estimat pentru citire":"1 minut"},"schema":{"@context":"https:\/\/schema.org","@graph":[{"@type":"WebPage","@id":"https:\/\/antenagroup.ro\/ro\/brands-ro\/insula-iubirii","url":"https:\/\/antenagroup.ro\/ro\/brands-ro\/insula-iubirii","name":"Insula Iubirii - Antena Group - Leading Media &amp; Entertainment in Romania | Antena TV Group","isPartOf":{"@id":"https:\/\/antenagroup.ro\/ro#website"},"primaryImageOfPage":{"@id":"https:\/\/antenagroup.ro\/ro\/brands-ro\/insula-iubirii#primaryimage"},"image":{"@id":"https:\/\/antenagroup.ro\/ro\/brands-ro\/insula-iubirii#primaryimage"},"thumbnailUrl":"https:\/\/antenagroup.ro\/wp-content\/uploads\/2023\/11\/logo_insula.png","datePublished":"2023-11-09T11:49:07+00:00","dateModified":"2024-10-21T14:12:18+00:00","breadcrumb":{"@id":"https:\/\/antenagroup.ro\/ro\/brands-ro\/insula-iubirii#breadcrumb"},"inLanguage":"ro-RO","potentialAction":[{"@type":"ReadAction","target":["https:\/\/antenagroup.ro\/ro\/brands-ro\/insula-iubirii"]}]},{"@type":"ImageObject","inLanguage":"ro-RO","@id":"https:\/\/antenagroup.ro\/ro\/brands-ro\/insula-iubirii#primaryimage","url":"https:\/\/antenagroup.ro\/wp-content\/uploads\/2023\/11\/logo_insula.png","contentUrl":"https:\/\/antenagroup.ro\/wp-content\/uploads\/2023\/11\/logo_insula.png","width":894,"height":507},{"@type":"BreadcrumbList","@id":"https:\/\/antenagroup.ro\/ro\/brands-ro\/insula-iubirii#breadcrumb","itemListElement":[{"@type":"ListItem","position":1,"name":"Prima pagin\u0103","item":"https:\/\/antenagroup.ro\/ro"},{"@type":"ListItem","position":2,"name":"Brands","item":"https:\/\/antenagroup.ro\/ro\/brands-ro"},{"@type":"ListItem","position":3,"name":"Insula Iubirii"}]},{"@type":"WebSite","@id":"https:\/\/antenagroup.ro\/ro#website","url":"https:\/\/antenagroup.ro\/ro","name":"Antena Group - Leading Media & Entertainment in Romania | Antena TV Group","description":"","publisher":{"@id":"https:\/\/antenagroup.ro\/ro#organization"},"alternateName":"Antena Group","potentialAction":[{"@type":"SearchAction","target":{"@type":"EntryPoint","urlTemplate":"https:\/\/antenagroup.ro\/ro?s={search_term_string}"},"query-input":{"@type":"PropertyValueSpecification","valueRequired":true,"valueName":"search_term_string"}}],"inLanguage":"ro-RO"},{"@type":"Organization","@id":"https:\/\/antenagroup.ro\/ro#organization","name":"Antena TV Group","url":"https:\/\/antenagroup.ro\/ro","logo":{"@type":"ImageObject","inLanguage":"ro-RO","@id":"https:\/\/antenagroup.ro\/ro#\/schema\/logo\/image\/","url":"https:\/\/antenagroup.ro\/wp-content\/uploads\/2024\/10\/logo-antenagroup-fb.png","contentUrl":"https:\/\/antenagroup.ro\/wp-content\/uploads\/2024\/10\/logo-antenagroup-fb.png","width":253,"height":200,"caption":"Antena TV Group"},"image":{"@id":"https:\/\/antenagroup.ro\/ro#\/schema\/logo\/image\/"},"sameAs":["https:\/\/ro.linkedin.com\/company\/antenagroup"]}]}},"_links":{"self":[{"href":"https:\/\/antenagroup.ro\/ro\/wp-json\/wp\/v2\/pages\/878","targetHints":{"allow":["GET"]}}],"collection":[{"href":"https:\/\/antenagroup.ro\/ro\/wp-json\/wp\/v2\/pages"}],"about":[{"href":"https:\/\/antenagroup.ro\/ro\/wp-json\/wp\/v2\/types\/page"}],"author":[{"embeddable":true,"href":"https:\/\/antenagroup.ro\/ro\/wp-json\/wp\/v2\/users\/2"}],"replies":[{"embeddable":true,"href":"https:\/\/antenagroup.ro\/ro\/wp-json\/wp\/v2\/comments?post=878"}],"version-history":[{"count":0,"href":"https:\/\/antenagroup.ro\/ro\/wp-json\/wp\/v2\/pages\/878\/revisions"}],"up":[{"embeddable":true,"href":"https:\/\/antenagroup.ro\/ro\/wp-json\/wp\/v2\/pages\/834"}],"wp:featuredmedia":[{"embeddable":true,"href":"https:\/\/antenagroup.ro\/ro\/wp-json\/wp\/v2\/media\/648"}],"wp:attachment":[{"href":"https:\/\/antenagroup.ro\/ro\/wp-json\/wp\/v2\/media?parent=878"}],"curies":[{"name":"wp","href":"https:\/\/api.w.org\/{rel}","templated":true}]}}